{"id":4069,"date":"2020-07-24T18:44:27","date_gmt":"2020-07-24T16:44:27","guid":{"rendered":"http:\/\/catsacksbarcelona.eu\/tienda\/"},"modified":"2022-05-04T17:19:58","modified_gmt":"2022-05-04T15:19:58","slug":"tienda","status":"publish","type":"page","link":"http:\/\/catsacksbarcelona.eu\/ca\/","title":{"rendered":"Inici"},"content":{"rendered":"<div class=\"wpb-content-wrapper\"><p>[vc_row][vc_column][vc_images_carousel images=&#8221;5829,5826,5884,5862,5859,5887&#8243; img_size=&#8221;full&#8221; onclick=&#8221;link_no&#8221; speed=&#8221;4000&#8243; autoplay=&#8221;yes&#8221;][\/vc_column][\/vc_row][vc_row el_id=&#8221;shop&#8221; css=&#8221;.vc_custom_1631275748641{margin-bottom: 80px !important;}&#8221;][vc_column][\/vc_column][\/vc_row]<\/p>\n<\/div>","protected":false},"excerpt":{"rendered":"<p>[vc_row][vc_column][vc_images_carousel images=&#8221;5829,5826,5884,5862,5859,5887&#8243; img_size=&#8221;full&#8221; onclick=&#8221;link_no&#8221; speed=&#8221;4000&#8243; autoplay=&#8221;yes&#8221;][\/vc_column][\/vc_row][vc_row el_id=&#8221;shop&#8221; css=&#8221;.vc_custom_1631275748641{margin-bottom: 80px !important;}&#8221;][vc_column][\/vc_column][\/vc_row]<\/p>\n","protected":false},"author":1,"featured_media":0,"parent":0,"menu_order":0,"comment_status":"closed","ping_status":"closed","template":"","meta":{"footnotes":""},"yoast_head":"<!-- This site is optimized with the Yoast SEO plugin v22.6 - https:\/\/yoast.com\/wordpress\/plugins\/seo\/ -->\n<title>Catsacks Barcelona - Bosses de pell, dissenys exclusius i de qualitat<\/title>\n<meta name=\"description\" content=\"CatSacks Barcelona Bosses de pell bov\u00ed. Acabats de qualitat. Materials 100% naturals. Pell 100% bov\u00ed, cuir i teixits de cot\u00f3. Dissenys exclusius.\" \/>\n<meta name=\"robots\" content=\"index, follow, max-snippet:-1, max-image-preview:large, max-video-preview:-1\" \/>\n<meta property=\"og:locale\" content=\"ca_ES\" \/>\n<meta property=\"og:type\" content=\"article\" \/>\n<meta property=\"og:title\" content=\"Catsacks Barcelona - Bosses de pell, dissenys exclusius i de qualitat\" \/>\n<meta property=\"og:description\" content=\"CatSacks Barcelona Bosses de pell bov\u00ed. Acabats de qualitat. Materials 100% naturals. Pell 100% bov\u00ed, cuir i teixits de cot\u00f3. Dissenys exclusius.\" \/>\n<meta property=\"og:url\" content=\"http:\/\/catsacksbarcelona.eu\/ca\/\" \/>\n<meta property=\"og:site_name\" content=\"Catsacks Barcelona bosses de pell\" \/>\n<meta property=\"article:publisher\" content=\"https:\/\/www.facebook.com\/catsacksbarcelona\" \/>\n<meta property=\"article:modified_time\" content=\"2022-05-04T15:19:58+00:00\" \/>\n<meta name=\"twitter:card\" content=\"summary_large_image\" \/>\n<meta name=\"twitter:label1\" content=\"Temps estimat de lectura\" \/>\n\t<meta name=\"twitter:data1\" content=\"1 minut\" \/>\n<script type=\"application\/ld+json\" class=\"yoast-schema-graph\">{\"@context\":\"https:\/\/schema.org\",\"@graph\":[{\"@type\":\"WebPage\",\"@id\":\"http:\/\/catsacksbarcelona.eu\/ca\/\",\"url\":\"http:\/\/catsacksbarcelona.eu\/ca\/\",\"name\":\"Catsacks Barcelona - Bosses de pell, dissenys exclusius i de qualitat\",\"isPartOf\":{\"@id\":\"https:\/\/catsacksbarcelona.eu\/ca\/#website\"},\"datePublished\":\"2020-07-24T16:44:27+00:00\",\"dateModified\":\"2022-05-04T15:19:58+00:00\",\"description\":\"CatSacks Barcelona Bosses de pell bov\u00ed. Acabats de qualitat. Materials 100% naturals. Pell 100% bov\u00ed, cuir i teixits de cot\u00f3. Dissenys exclusius.\",\"breadcrumb\":{\"@id\":\"http:\/\/catsacksbarcelona.eu\/ca\/#breadcrumb\"},\"inLanguage\":\"ca\",\"potentialAction\":[{\"@type\":\"ReadAction\",\"target\":[\"http:\/\/catsacksbarcelona.eu\/ca\/\"]}]},{\"@type\":\"BreadcrumbList\",\"@id\":\"http:\/\/catsacksbarcelona.eu\/ca\/#breadcrumb\",\"itemListElement\":[{\"@type\":\"ListItem\",\"position\":1,\"name\":\"Portada\",\"item\":\"https:\/\/catsacksbarcelona.eu\/ca\/\"},{\"@type\":\"ListItem\",\"position\":2,\"name\":\"Inici\"}]},{\"@type\":\"WebSite\",\"@id\":\"https:\/\/catsacksbarcelona.eu\/ca\/#website\",\"url\":\"https:\/\/catsacksbarcelona.eu\/ca\/\",\"name\":\"Catsacks Barcelona Bolsos de Piel\",\"description\":\"Bolsos piel de calidad dise&ntilde;ados y confeccionados en Barcelona\",\"publisher\":{\"@id\":\"https:\/\/catsacksbarcelona.eu\/ca\/#organization\"},\"potentialAction\":[{\"@type\":\"SearchAction\",\"target\":{\"@type\":\"EntryPoint\",\"urlTemplate\":\"https:\/\/catsacksbarcelona.eu\/ca\/?s={search_term_string}\"},\"query-input\":\"required name=search_term_string\"}],\"inLanguage\":\"ca\"},{\"@type\":\"Organization\",\"@id\":\"https:\/\/catsacksbarcelona.eu\/ca\/#organization\",\"name\":\"Catsacks Barcelona\",\"url\":\"https:\/\/catsacksbarcelona.eu\/ca\/\",\"logo\":{\"@type\":\"ImageObject\",\"inLanguage\":\"ca\",\"@id\":\"https:\/\/catsacksbarcelona.eu\/ca\/#\/schema\/logo\/image\/\",\"url\":\"http:\/\/catsacksbarcelona.eu\/wp-content\/uploads\/2020\/06\/logo-logo.png\",\"contentUrl\":\"http:\/\/catsacksbarcelona.eu\/wp-content\/uploads\/2020\/06\/logo-logo.png\",\"width\":1200,\"height\":309,\"caption\":\"Catsacks Barcelona\"},\"image\":{\"@id\":\"https:\/\/catsacksbarcelona.eu\/ca\/#\/schema\/logo\/image\/\"},\"sameAs\":[\"https:\/\/www.facebook.com\/catsacksbarcelona\",\"https:\/\/www.instagram.com\/catsacksbarcelona\"]}]}<\/script>\n<!-- \/ Yoast SEO plugin. -->","yoast_head_json":{"title":"Catsacks Barcelona - Bosses de pell, dissenys exclusius i de qualitat","description":"CatSacks Barcelona Bosses de pell bov\u00ed. Acabats de qualitat. Materials 100% naturals. Pell 100% bov\u00ed, cuir i teixits de cot\u00f3. Dissenys exclusius.","robots":{"index":"index","follow":"follow","max-snippet":"max-snippet:-1","max-image-preview":"max-image-preview:large","max-video-preview":"max-video-preview:-1"},"og_locale":"ca_ES","og_type":"article","og_title":"Catsacks Barcelona - Bosses de pell, dissenys exclusius i de qualitat","og_description":"CatSacks Barcelona Bosses de pell bov\u00ed. Acabats de qualitat. Materials 100% naturals. Pell 100% bov\u00ed, cuir i teixits de cot\u00f3. Dissenys exclusius.","og_url":"http:\/\/catsacksbarcelona.eu\/ca\/","og_site_name":"Catsacks Barcelona bosses de pell","article_publisher":"https:\/\/www.facebook.com\/catsacksbarcelona","article_modified_time":"2022-05-04T15:19:58+00:00","twitter_card":"summary_large_image","twitter_misc":{"Temps estimat de lectura":"1 minut"},"schema":{"@context":"https:\/\/schema.org","@graph":[{"@type":"WebPage","@id":"http:\/\/catsacksbarcelona.eu\/ca\/","url":"http:\/\/catsacksbarcelona.eu\/ca\/","name":"Catsacks Barcelona - Bosses de pell, dissenys exclusius i de qualitat","isPartOf":{"@id":"https:\/\/catsacksbarcelona.eu\/ca\/#website"},"datePublished":"2020-07-24T16:44:27+00:00","dateModified":"2022-05-04T15:19:58+00:00","description":"CatSacks Barcelona Bosses de pell bov\u00ed. Acabats de qualitat. Materials 100% naturals. Pell 100% bov\u00ed, cuir i teixits de cot\u00f3. Dissenys exclusius.","breadcrumb":{"@id":"http:\/\/catsacksbarcelona.eu\/ca\/#breadcrumb"},"inLanguage":"ca","potentialAction":[{"@type":"ReadAction","target":["http:\/\/catsacksbarcelona.eu\/ca\/"]}]},{"@type":"BreadcrumbList","@id":"http:\/\/catsacksbarcelona.eu\/ca\/#breadcrumb","itemListElement":[{"@type":"ListItem","position":1,"name":"Portada","item":"https:\/\/catsacksbarcelona.eu\/ca\/"},{"@type":"ListItem","position":2,"name":"Inici"}]},{"@type":"WebSite","@id":"https:\/\/catsacksbarcelona.eu\/ca\/#website","url":"https:\/\/catsacksbarcelona.eu\/ca\/","name":"Catsacks Barcelona Bolsos de Piel","description":"Bolsos piel de calidad dise&ntilde;ados y confeccionados en Barcelona","publisher":{"@id":"https:\/\/catsacksbarcelona.eu\/ca\/#organization"},"potentialAction":[{"@type":"SearchAction","target":{"@type":"EntryPoint","urlTemplate":"https:\/\/catsacksbarcelona.eu\/ca\/?s={search_term_string}"},"query-input":"required name=search_term_string"}],"inLanguage":"ca"},{"@type":"Organization","@id":"https:\/\/catsacksbarcelona.eu\/ca\/#organization","name":"Catsacks Barcelona","url":"https:\/\/catsacksbarcelona.eu\/ca\/","logo":{"@type":"ImageObject","inLanguage":"ca","@id":"https:\/\/catsacksbarcelona.eu\/ca\/#\/schema\/logo\/image\/","url":"http:\/\/catsacksbarcelona.eu\/wp-content\/uploads\/2020\/06\/logo-logo.png","contentUrl":"http:\/\/catsacksbarcelona.eu\/wp-content\/uploads\/2020\/06\/logo-logo.png","width":1200,"height":309,"caption":"Catsacks Barcelona"},"image":{"@id":"https:\/\/catsacksbarcelona.eu\/ca\/#\/schema\/logo\/image\/"},"sameAs":["https:\/\/www.facebook.com\/catsacksbarcelona","https:\/\/www.instagram.com\/catsacksbarcelona"]}]}},"_links":{"self":[{"href":"http:\/\/catsacksbarcelona.eu\/ca\/wp-json\/wp\/v2\/pages\/4069"}],"collection":[{"href":"http:\/\/catsacksbarcelona.eu\/ca\/wp-json\/wp\/v2\/pages"}],"about":[{"href":"http:\/\/catsacksbarcelona.eu\/ca\/wp-json\/wp\/v2\/types\/page"}],"author":[{"embeddable":true,"href":"http:\/\/catsacksbarcelona.eu\/ca\/wp-json\/wp\/v2\/users\/1"}],"replies":[{"embeddable":true,"href":"http:\/\/catsacksbarcelona.eu\/ca\/wp-json\/wp\/v2\/comments?post=4069"}],"version-history":[{"count":35,"href":"http:\/\/catsacksbarcelona.eu\/ca\/wp-json\/wp\/v2\/pages\/4069\/revisions"}],"predecessor-version":[{"id":6011,"href":"http:\/\/catsacksbarcelona.eu\/ca\/wp-json\/wp\/v2\/pages\/4069\/revisions\/6011"}],"wp:attachment":[{"href":"http:\/\/catsacksbarcelona.eu\/ca\/wp-json\/wp\/v2\/media?parent=4069"}],"curies":[{"name":"wp","href":"https:\/\/api.w.org\/{rel}","templated":true}]}}