{"id":4104,"date":"2020-07-24T20:10:28","date_gmt":"2020-07-24T18:10:28","guid":{"rendered":"http:\/\/catsacksbarcelona.eu\/la-nostra-historia\/"},"modified":"2020-10-29T13:07:34","modified_gmt":"2020-10-29T11:07:34","slug":"la-nostra-historia","status":"publish","type":"page","link":"http:\/\/catsacksbarcelona.eu\/ca\/la-nostra-historia\/","title":{"rendered":"La nostra hist\u00f2ria"},"content":{"rendered":"<div class=\"wpb-content-wrapper\"><p>[vc_row type=&#8221;boxed&#8221;][vc_column width=&#8221;5\/6&#8243; offset=&#8221;vc_col-sm-offset-1&#8243;][vc_empty_space height=&#8221;47px&#8221;][vc_column_text]<\/p>\n<h2>La nostra hist\u00f2ria<\/h2>\n<p>[\/vc_column_text][\/vc_column][\/vc_row][vc_row type=&#8221;boxed&#8221; equal_height=&#8221;yes&#8221;][vc_column][vc_empty_space height=&#8221;40px&#8221;][vc_column_text]<\/p>\n<div style=\"width: 1220px;\" class=\"wp-video\"><!--[if lt IE 9]><script>document.createElement('video');<\/script><![endif]-->\n<video class=\"wp-video-shortcode\" id=\"video-4104-1\" width=\"1220\" height=\"686\" loop=\"1\" autoplay=\"1\" preload=\"metadata\" controls=\"controls\"><source type=\"video\/youtube\" src=\"https:\/\/youtu.be\/7xvn0YyJ8dE?_=1\" \/><a href=\"https:\/\/youtu.be\/7xvn0YyJ8dE\">https:\/\/youtu.be\/7xvn0YyJ8dE<\/a><\/video><\/div>\n<p>[\/vc_column_text][vc_empty_space height=&#8221;47px&#8221;][\/vc_column][\/vc_row][vc_row][vc_column width=&#8221;1\/12&#8243;][\/vc_column][vc_column width=&#8221;3\/12&#8243;][vc_column_text]<\/p>\n<h4>La marca<\/h4>\n<p>[\/vc_column_text][vc_empty_space height=&#8221;17px&#8221;][\/vc_column][vc_column width=&#8221;7\/12&#8243;][vc_column_text]Enhorabona has aterrat a Catsacks!<\/p>\n<p>\u00c9s possible que estiguis buscant una bossa, una motxilla, un sac per portar les teves coses m\u00e9s personals o una cartera per anar a la feina.<br \/>\nSegurament no ens coneguis, tamb\u00e9 nosaltres acabem d&#8217;aterrar. El meu desig des de fa temps de crear bosses, ho veig ara complert.<br \/>\nHe prioritzat la qualitat dels acabats. Utilitzo materials 100% naturals, com la pell, el cuir i teixits de cot\u00f3. Estan confeccionats al taller de mestre artes\u00e0 Jordi Pal\u00e0.<br \/>\nLa meva marca \u00e9s Catsacks Barcelona, perqu\u00e8, encara que jo no tingui gat aquest animal em suggereix bellesa i independ\u00e8ncia.<br \/>\nBarcelona \u00e9s la meva ciutat i m&#8217;agrada, vull que les meves bosses reflecteixin el millor del seu estil.<br \/>\nM&#8217;inspiro en la llum de la Mediterr\u00e0nia, en l&#8217;alegria dels seus colors i contrastos per marcar una tend\u00e8ncia personal.<br \/>\nAlguns dels meus dissenys s\u00f3n edici\u00f3 limitada: en acabar les exist\u00e8ncies desapareixeran i seran substitu\u00efts per nous models o colors.<br \/>\nEstem compromesos amb la producci\u00f3 sostenible i amb l&#8217;aprofitament de les pells i cuirs d&#8217;animals que han estat criats per al consum.<\/p>\n<p>Ver\u00f2nica Cuxart[\/vc_column_text][vc_empty_space height=&#8221;60px&#8221;][vc_row_inner][vc_column_inner width=&#8221;3\/4&#8243;]\r\n\t\t\t<div class=\"nm-testimonial\">\r\n\t\t\t\t<div class=\"nm-testimonial-content\">\r\n\t\t\t\t\t<div class=\"nm-testimonial-description\"><\/p>\n<p style=\"text-align: left;\"><span style=\"color: #777777;\"><em>&#8220;Les dones i els gats sempre faran el que vulguin, i els homes i els gossos haurien de relaxar-se i acostumar-se a la idea&#8221;.<\/em> \u2013Robert A. Heinlein<\/span><\/p>\n<p><\/div>\r\n\t\t\t\t<\/div>\r\n\t\t\t<\/div>[\/vc_column_inner][vc_column_inner width=&#8221;1\/4&#8243;][vc_single_image image=&#8221;3952&#8243;][\/vc_column_inner][\/vc_row_inner][\/vc_column][vc_column width=&#8221;1\/12&#8243;][\/vc_column][\/vc_row][vc_row][vc_column][vc_empty_space height=&#8221;46&#8243;][\/vc_column][\/vc_row]<\/p>\n<\/div>","protected":false},"excerpt":{"rendered":"<p>[vc_row type=&#8221;boxed&#8221;][vc_column width=&#8221;5\/6&#8243; offset=&#8221;vc_col-sm-offset-1&#8243;][vc_empty_space height=&#8221;47px&#8221;][vc_column_text] La nostra hist\u00f2ria [\/vc_column_text][\/vc_column][\/vc_row][vc_row type=&#8221;boxed&#8221; equal_height=&#8221;yes&#8221;][vc_column][vc_empty_space height=&#8221;40px&#8221;][vc_column_text] [\/vc_column_text][vc_empty_space height=&#8221;47px&#8221;][\/vc_column][\/vc_row][vc_row][vc_column width=&#8221;1\/12&#8243;][\/vc_column][vc_column width=&#8221;3\/12&#8243;][vc_column_text] La marca [\/vc_column_text][vc_empty_space height=&#8221;17px&#8221;][\/vc_column][vc_column width=&#8221;7\/12&#8243;][vc_column_text]Enhorabona has aterrat a Catsacks! \u00c9s possible que estiguis buscant una bossa, una motxilla, un sac per portar les teves coses m\u00e9s personals o una cartera per anar a la feina. Segurament no ens coneguis, &hellip;<\/p>\n","protected":false},"author":1,"featured_media":0,"parent":0,"menu_order":0,"comment_status":"closed","ping_status":"closed","template":"","meta":{"footnotes":""},"yoast_head":"<!-- This site is optimized with the Yoast SEO plugin v22.6 - https:\/\/yoast.com\/wordpress\/plugins\/seo\/ -->\n<title>La nostra hist\u00f2ria - Catsacks Barcelona bosses de pell<\/title>\n<meta name=\"description\" content=\"Catsacks Bosses de pell a Barcelona. Bosses de pell artesanals, m\u00e0xima qualitat en materials i acabats. Confeccionats a Barcelona.\" \/>\n<meta name=\"robots\" content=\"index, follow, max-snippet:-1, max-image-preview:large, max-video-preview:-1\" \/>\n<meta property=\"og:locale\" content=\"ca_ES\" \/>\n<meta property=\"og:type\" content=\"article\" \/>\n<meta property=\"og:title\" content=\"La nostra hist\u00f2ria - Catsacks Barcelona bosses de pell\" \/>\n<meta property=\"og:description\" content=\"Catsacks Bosses de pell a Barcelona. Bosses de pell artesanals, m\u00e0xima qualitat en materials i acabats. Confeccionats a Barcelona.\" \/>\n<meta property=\"og:url\" content=\"http:\/\/catsacksbarcelona.eu\/ca\/la-nostra-historia\/\" \/>\n<meta property=\"og:site_name\" content=\"Catsacks Barcelona bosses de pell\" \/>\n<meta property=\"article:publisher\" content=\"https:\/\/www.facebook.com\/catsacksbarcelona\" \/>\n<meta property=\"article:modified_time\" content=\"2020-10-29T11:07:34+00:00\" \/>\n<meta name=\"twitter:card\" content=\"summary_large_image\" \/>\n<meta name=\"twitter:label1\" content=\"Temps estimat de lectura\" \/>\n\t<meta name=\"twitter:data1\" content=\"2 minuts\" \/>\n<script type=\"application\/ld+json\" class=\"yoast-schema-graph\">{\"@context\":\"https:\/\/schema.org\",\"@graph\":[{\"@type\":\"WebPage\",\"@id\":\"http:\/\/catsacksbarcelona.eu\/ca\/la-nostra-historia\/\",\"url\":\"http:\/\/catsacksbarcelona.eu\/ca\/la-nostra-historia\/\",\"name\":\"La nostra hist\u00f2ria - Catsacks Barcelona bosses de pell\",\"isPartOf\":{\"@id\":\"https:\/\/catsacksbarcelona.eu\/ca\/#website\"},\"datePublished\":\"2020-07-24T18:10:28+00:00\",\"dateModified\":\"2020-10-29T11:07:34+00:00\",\"description\":\"Catsacks Bosses de pell a Barcelona. Bosses de pell artesanals, m\u00e0xima qualitat en materials i acabats. Confeccionats a Barcelona.\",\"breadcrumb\":{\"@id\":\"http:\/\/catsacksbarcelona.eu\/ca\/la-nostra-historia\/#breadcrumb\"},\"inLanguage\":\"ca\",\"potentialAction\":[{\"@type\":\"ReadAction\",\"target\":[\"http:\/\/catsacksbarcelona.eu\/ca\/la-nostra-historia\/\"]}]},{\"@type\":\"BreadcrumbList\",\"@id\":\"http:\/\/catsacksbarcelona.eu\/ca\/la-nostra-historia\/#breadcrumb\",\"itemListElement\":[{\"@type\":\"ListItem\",\"position\":1,\"name\":\"Portada\",\"item\":\"http:\/\/catsacksbarcelona.eu\/ca\/\"},{\"@type\":\"ListItem\",\"position\":2,\"name\":\"La nostra hist\u00f2ria\"}]},{\"@type\":\"WebSite\",\"@id\":\"https:\/\/catsacksbarcelona.eu\/ca\/#website\",\"url\":\"https:\/\/catsacksbarcelona.eu\/ca\/\",\"name\":\"Catsacks Barcelona Bolsos de Piel\",\"description\":\"Bolsos piel de calidad dise&ntilde;ados y confeccionados en Barcelona\",\"publisher\":{\"@id\":\"https:\/\/catsacksbarcelona.eu\/ca\/#organization\"},\"potentialAction\":[{\"@type\":\"SearchAction\",\"target\":{\"@type\":\"EntryPoint\",\"urlTemplate\":\"https:\/\/catsacksbarcelona.eu\/ca\/?s={search_term_string}\"},\"query-input\":\"required name=search_term_string\"}],\"inLanguage\":\"ca\"},{\"@type\":\"Organization\",\"@id\":\"https:\/\/catsacksbarcelona.eu\/ca\/#organization\",\"name\":\"Catsacks Barcelona\",\"url\":\"https:\/\/catsacksbarcelona.eu\/ca\/\",\"logo\":{\"@type\":\"ImageObject\",\"inLanguage\":\"ca\",\"@id\":\"https:\/\/catsacksbarcelona.eu\/ca\/#\/schema\/logo\/image\/\",\"url\":\"http:\/\/catsacksbarcelona.eu\/wp-content\/uploads\/2020\/06\/logo-logo.png\",\"contentUrl\":\"http:\/\/catsacksbarcelona.eu\/wp-content\/uploads\/2020\/06\/logo-logo.png\",\"width\":1200,\"height\":309,\"caption\":\"Catsacks Barcelona\"},\"image\":{\"@id\":\"https:\/\/catsacksbarcelona.eu\/ca\/#\/schema\/logo\/image\/\"},\"sameAs\":[\"https:\/\/www.facebook.com\/catsacksbarcelona\",\"https:\/\/www.instagram.com\/catsacksbarcelona\"]}]}<\/script>\n<!-- \/ Yoast SEO plugin. -->","yoast_head_json":{"title":"La nostra hist\u00f2ria - Catsacks Barcelona bosses de pell","description":"Catsacks Bosses de pell a Barcelona. Bosses de pell artesanals, m\u00e0xima qualitat en materials i acabats. Confeccionats a Barcelona.","robots":{"index":"index","follow":"follow","max-snippet":"max-snippet:-1","max-image-preview":"max-image-preview:large","max-video-preview":"max-video-preview:-1"},"og_locale":"ca_ES","og_type":"article","og_title":"La nostra hist\u00f2ria - Catsacks Barcelona bosses de pell","og_description":"Catsacks Bosses de pell a Barcelona. Bosses de pell artesanals, m\u00e0xima qualitat en materials i acabats. Confeccionats a Barcelona.","og_url":"http:\/\/catsacksbarcelona.eu\/ca\/la-nostra-historia\/","og_site_name":"Catsacks Barcelona bosses de pell","article_publisher":"https:\/\/www.facebook.com\/catsacksbarcelona","article_modified_time":"2020-10-29T11:07:34+00:00","twitter_card":"summary_large_image","twitter_misc":{"Temps estimat de lectura":"2 minuts"},"schema":{"@context":"https:\/\/schema.org","@graph":[{"@type":"WebPage","@id":"http:\/\/catsacksbarcelona.eu\/ca\/la-nostra-historia\/","url":"http:\/\/catsacksbarcelona.eu\/ca\/la-nostra-historia\/","name":"La nostra hist\u00f2ria - Catsacks Barcelona bosses de pell","isPartOf":{"@id":"https:\/\/catsacksbarcelona.eu\/ca\/#website"},"datePublished":"2020-07-24T18:10:28+00:00","dateModified":"2020-10-29T11:07:34+00:00","description":"Catsacks Bosses de pell a Barcelona. Bosses de pell artesanals, m\u00e0xima qualitat en materials i acabats. Confeccionats a Barcelona.","breadcrumb":{"@id":"http:\/\/catsacksbarcelona.eu\/ca\/la-nostra-historia\/#breadcrumb"},"inLanguage":"ca","potentialAction":[{"@type":"ReadAction","target":["http:\/\/catsacksbarcelona.eu\/ca\/la-nostra-historia\/"]}]},{"@type":"BreadcrumbList","@id":"http:\/\/catsacksbarcelona.eu\/ca\/la-nostra-historia\/#breadcrumb","itemListElement":[{"@type":"ListItem","position":1,"name":"Portada","item":"http:\/\/catsacksbarcelona.eu\/ca\/"},{"@type":"ListItem","position":2,"name":"La nostra hist\u00f2ria"}]},{"@type":"WebSite","@id":"https:\/\/catsacksbarcelona.eu\/ca\/#website","url":"https:\/\/catsacksbarcelona.eu\/ca\/","name":"Catsacks Barcelona Bolsos de Piel","description":"Bolsos piel de calidad dise&ntilde;ados y confeccionados en Barcelona","publisher":{"@id":"https:\/\/catsacksbarcelona.eu\/ca\/#organization"},"potentialAction":[{"@type":"SearchAction","target":{"@type":"EntryPoint","urlTemplate":"https:\/\/catsacksbarcelona.eu\/ca\/?s={search_term_string}"},"query-input":"required name=search_term_string"}],"inLanguage":"ca"},{"@type":"Organization","@id":"https:\/\/catsacksbarcelona.eu\/ca\/#organization","name":"Catsacks Barcelona","url":"https:\/\/catsacksbarcelona.eu\/ca\/","logo":{"@type":"ImageObject","inLanguage":"ca","@id":"https:\/\/catsacksbarcelona.eu\/ca\/#\/schema\/logo\/image\/","url":"http:\/\/catsacksbarcelona.eu\/wp-content\/uploads\/2020\/06\/logo-logo.png","contentUrl":"http:\/\/catsacksbarcelona.eu\/wp-content\/uploads\/2020\/06\/logo-logo.png","width":1200,"height":309,"caption":"Catsacks Barcelona"},"image":{"@id":"https:\/\/catsacksbarcelona.eu\/ca\/#\/schema\/logo\/image\/"},"sameAs":["https:\/\/www.facebook.com\/catsacksbarcelona","https:\/\/www.instagram.com\/catsacksbarcelona"]}]}},"_links":{"self":[{"href":"http:\/\/catsacksbarcelona.eu\/ca\/wp-json\/wp\/v2\/pages\/4104"}],"collection":[{"href":"http:\/\/catsacksbarcelona.eu\/ca\/wp-json\/wp\/v2\/pages"}],"about":[{"href":"http:\/\/catsacksbarcelona.eu\/ca\/wp-json\/wp\/v2\/types\/page"}],"author":[{"embeddable":true,"href":"http:\/\/catsacksbarcelona.eu\/ca\/wp-json\/wp\/v2\/users\/1"}],"replies":[{"embeddable":true,"href":"http:\/\/catsacksbarcelona.eu\/ca\/wp-json\/wp\/v2\/comments?post=4104"}],"version-history":[{"count":21,"href":"http:\/\/catsacksbarcelona.eu\/ca\/wp-json\/wp\/v2\/pages\/4104\/revisions"}],"predecessor-version":[{"id":5098,"href":"http:\/\/catsacksbarcelona.eu\/ca\/wp-json\/wp\/v2\/pages\/4104\/revisions\/5098"}],"wp:attachment":[{"href":"http:\/\/catsacksbarcelona.eu\/ca\/wp-json\/wp\/v2\/media?parent=4104"}],"curies":[{"name":"wp","href":"https:\/\/api.w.org\/{rel}","templated":true}]}}