{"id":4117,"date":"2020-07-24T21:25:18","date_gmt":"2020-07-24T19:25:18","guid":{"rendered":"http:\/\/catsacksbarcelona.eu\/politica-de-cookies\/"},"modified":"2020-07-26T21:16:03","modified_gmt":"2020-07-26T19:16:03","slug":"politica-de-cookies","status":"publish","type":"page","link":"http:\/\/catsacksbarcelona.eu\/ca\/politica-de-cookies\/","title":{"rendered":"Pol\u00edtica de cookies"},"content":{"rendered":"<div class=\"wpb-content-wrapper\"><p>[vc_row][vc_column][vc_empty_space][vc_column_text]<\/p>\n<h3>Pol\u00edtica de Cookies<\/h3>\n<p>Recollim informaci\u00f3 durant el proc\u00e9s de finalitzaci\u00f3 de la compra a la botiga.<\/p>\n<h3>1. Qu\u00e8 recollim i emmagatzemem?<\/h3>\n<p><strong>Mentre visites el web, farem seguiment de:<\/strong><br \/>\nEls productes que has vist: utilitzarem aix\u00f2, per exemple, per mostrar-te productes que hagis vist recentment.<br \/>\nUbicaci\u00f3, adre\u00e7a IP i tipus de navegador: utilitzarem aix\u00f2 per estimar impostos i costos d&#8217;enviament, per exemple.<\/p>\n<h3>2. Direcci\u00f3 d&#8217;enviament<\/h3>\n<p>Te la demanarem perqu\u00e8 poder estimar el cost de la tramesa abans de fer la comanda i enviar-la.<br \/>\nTamb\u00e9 utilitzarem <em>cookies<\/em> per fer el seguiment dels continguts de la cistelleta mentre navegues pel lloc.<br \/>\nQuan ens compris alguna cosa, et demanarem que proporcionis el teu nom, adre\u00e7a de facturaci\u00f3, adre\u00e7a d&#8217;enviament, adre\u00e7a de correu electr\u00f2nic, n\u00famero de tel\u00e8fon, els detalls de la targeta de cr\u00e8dit \/ pagament i informaci\u00f3 opcional com ara el teu nom d&#8217;usuari i contrasenya. Utilitzarem aquesta informaci\u00f3 per a prop\u00f2sits com:<\/p>\n<h3>3. L&#8217;enviament de la informaci\u00f3 sobre el compte i la comanda<\/h3>\n<p>Donar resposta a les sol\u00b7licituds, incloses devolucions i reclamacions:<br \/>\nProcessar pagaments i evitar el frau;<br \/>\nConfigurar el compte de la botiga;<br \/>\nEl compliment de qualsevol obligaci\u00f3 legal que tinguem, com ara el c\u00e0lcul d&#8217;impostos.<br \/>\nMillorar les ofertes de la botiga;<br \/>\nEnviar missatges de m\u00e0rqueting, si has triat rebre&#8217;ls;<br \/>\nSi creeu un compte, emmagatzemarem el vostre nom, adre\u00e7a, correu electr\u00f2nic i n\u00famero de tel\u00e8fon, que utilitzarem per al proc\u00e9s de pagament i futures comandes.<br \/>\nNormalment emmagatzemem aquesta informaci\u00f3 durant el temps que la necessitem per als prop\u00f2sits pels quals la recollim i utilitzem, i no estem legalment obligats a mantenir-la. Per exemple, emmagatzemarem informaci\u00f3 de les comandes durant quatre anys per a prop\u00f2sits d&#8217;impostos i comptabilitat. Aix\u00f2 inclou el nom, adre\u00e7a de correu electr\u00f2nic, adreces de facturaci\u00f3 i tramesa. Tamb\u00e9 emmagatzemem comentaris o ressenyes, si trieu deixar-les.<\/p>\n<h3>4. Qui de l&#8217;equip t\u00e9 acc\u00e9s?<\/h3>\n<p>Els membres de l&#8217;equip tenen acc\u00e9s a la informaci\u00f3 que ens proporcioneu. Per exemple, els administradors i gestors de botiga poden accedir a: La informaci\u00f3 de les comandes, com per exemple, qu\u00e8 es va comprar, quan es va comprar, on s&#8217;hauria d&#8217;enviar i la informaci\u00f3 de client, com per exemple, nom, adre\u00e7a de correu electr\u00f2nic i la informaci\u00f3 de facturaci\u00f3 i enviament.<br \/>\nEls membres de l&#8217;equip tenen acc\u00e9s a aquesta informaci\u00f3 per ajudar a completar comandes, processar devolucions i donar suport.<\/p>\n<h3>5. Qu\u00e8 compartim amb d&#8217;altres?<\/h3>\n<p>Acceptem pagaments mitjan\u00e7ant TPV bancari i PayPal. En el moment de processar el pagament algunes de les dades cal comunicar-les a la nostra entitat banc\u00e0ria i \/ o PayPal: aix\u00f2 inclou la informaci\u00f3 necess\u00e0ria per processar i donar suport al pagament, com ara l&#8217;import de la compra i la informaci\u00f3 de facturaci\u00f3. Revisa la pol\u00edtica de privacitat de PayPal per a m\u00e9s detalls.[\/vc_column_text][\/vc_column][\/vc_row][vc_row][vc_column][vc_empty_space][\/vc_column][\/vc_row]<\/p>\n<\/div>","protected":false},"excerpt":{"rendered":"<p>[vc_row][vc_column][vc_empty_space][vc_column_text] Pol\u00edtica de Cookies Recollim informaci\u00f3 durant el proc\u00e9s de finalitzaci\u00f3 de la compra a la botiga. 1. Qu\u00e8 recollim i emmagatzemem? Mentre visites el web, farem seguiment de: Els productes que has vist: utilitzarem aix\u00f2, per exemple, per mostrar-te productes que hagis vist recentment. Ubicaci\u00f3, adre\u00e7a IP i tipus de navegador: utilitzarem aix\u00f2 per &hellip;<\/p>\n","protected":false},"author":1,"featured_media":0,"parent":0,"menu_order":0,"comment_status":"closed","ping_status":"closed","template":"","meta":{"footnotes":""},"yoast_head":"<!-- This site is optimized with the Yoast SEO plugin v22.6 - https:\/\/yoast.com\/wordpress\/plugins\/seo\/ -->\n<title>Pol\u00edtica de cookies - Catsacks Barcelona bosses de pell<\/title>\n<meta name=\"robots\" content=\"index, follow, max-snippet:-1, max-image-preview:large, max-video-preview:-1\" \/>\n<meta property=\"og:locale\" content=\"ca_ES\" \/>\n<meta property=\"og:type\" content=\"article\" \/>\n<meta property=\"og:title\" content=\"Pol\u00edtica de cookies - Catsacks Barcelona bosses de pell\" \/>\n<meta property=\"og:description\" content=\"[vc_row][vc_column][vc_empty_space][vc_column_text] Pol\u00edtica de Cookies Recollim informaci\u00f3 durant el proc\u00e9s de finalitzaci\u00f3 de la compra a la botiga. 1. Qu\u00e8 recollim i emmagatzemem? Mentre visites el web, farem seguiment de: Els productes que has vist: utilitzarem aix\u00f2, per exemple, per mostrar-te productes que hagis vist recentment. Ubicaci\u00f3, adre\u00e7a IP i tipus de navegador: utilitzarem aix\u00f2 per &hellip;\" \/>\n<meta property=\"og:url\" content=\"http:\/\/catsacksbarcelona.eu\/ca\/politica-de-cookies\/\" \/>\n<meta property=\"og:site_name\" content=\"Catsacks Barcelona bosses de pell\" \/>\n<meta property=\"article:publisher\" content=\"https:\/\/www.facebook.com\/catsacksbarcelona\" \/>\n<meta property=\"article:modified_time\" content=\"2020-07-26T19:16:03+00:00\" \/>\n<meta name=\"twitter:card\" content=\"summary_large_image\" \/>\n<meta name=\"twitter:label1\" content=\"Temps estimat de lectura\" \/>\n\t<meta name=\"twitter:data1\" content=\"3 minuts\" \/>\n<script type=\"application\/ld+json\" class=\"yoast-schema-graph\">{\"@context\":\"https:\/\/schema.org\",\"@graph\":[{\"@type\":\"WebPage\",\"@id\":\"http:\/\/catsacksbarcelona.eu\/ca\/politica-de-cookies\/\",\"url\":\"http:\/\/catsacksbarcelona.eu\/ca\/politica-de-cookies\/\",\"name\":\"Pol\u00edtica de cookies - Catsacks Barcelona bosses de pell\",\"isPartOf\":{\"@id\":\"https:\/\/catsacksbarcelona.eu\/ca\/#website\"},\"datePublished\":\"2020-07-24T19:25:18+00:00\",\"dateModified\":\"2020-07-26T19:16:03+00:00\",\"breadcrumb\":{\"@id\":\"http:\/\/catsacksbarcelona.eu\/ca\/politica-de-cookies\/#breadcrumb\"},\"inLanguage\":\"ca\",\"potentialAction\":[{\"@type\":\"ReadAction\",\"target\":[\"http:\/\/catsacksbarcelona.eu\/ca\/politica-de-cookies\/\"]}]},{\"@type\":\"BreadcrumbList\",\"@id\":\"http:\/\/catsacksbarcelona.eu\/ca\/politica-de-cookies\/#breadcrumb\",\"itemListElement\":[{\"@type\":\"ListItem\",\"position\":1,\"name\":\"Portada\",\"item\":\"https:\/\/catsacksbarcelona.eu\/ca\/\"},{\"@type\":\"ListItem\",\"position\":2,\"name\":\"Pol\u00edtica de cookies\"}]},{\"@type\":\"WebSite\",\"@id\":\"https:\/\/catsacksbarcelona.eu\/ca\/#website\",\"url\":\"https:\/\/catsacksbarcelona.eu\/ca\/\",\"name\":\"Catsacks Barcelona Bolsos de Piel\",\"description\":\"Bolsos piel de calidad dise&ntilde;ados y confeccionados en Barcelona\",\"publisher\":{\"@id\":\"https:\/\/catsacksbarcelona.eu\/ca\/#organization\"},\"potentialAction\":[{\"@type\":\"SearchAction\",\"target\":{\"@type\":\"EntryPoint\",\"urlTemplate\":\"https:\/\/catsacksbarcelona.eu\/ca\/?s={search_term_string}\"},\"query-input\":\"required name=search_term_string\"}],\"inLanguage\":\"ca\"},{\"@type\":\"Organization\",\"@id\":\"https:\/\/catsacksbarcelona.eu\/ca\/#organization\",\"name\":\"Catsacks Barcelona\",\"url\":\"https:\/\/catsacksbarcelona.eu\/ca\/\",\"logo\":{\"@type\":\"ImageObject\",\"inLanguage\":\"ca\",\"@id\":\"https:\/\/catsacksbarcelona.eu\/ca\/#\/schema\/logo\/image\/\",\"url\":\"http:\/\/catsacksbarcelona.eu\/wp-content\/uploads\/2020\/06\/logo-logo.png\",\"contentUrl\":\"http:\/\/catsacksbarcelona.eu\/wp-content\/uploads\/2020\/06\/logo-logo.png\",\"width\":1200,\"height\":309,\"caption\":\"Catsacks Barcelona\"},\"image\":{\"@id\":\"https:\/\/catsacksbarcelona.eu\/ca\/#\/schema\/logo\/image\/\"},\"sameAs\":[\"https:\/\/www.facebook.com\/catsacksbarcelona\",\"https:\/\/www.instagram.com\/catsacksbarcelona\"]}]}<\/script>\n<!-- \/ Yoast SEO plugin. -->","yoast_head_json":{"title":"Pol\u00edtica de cookies - Catsacks Barcelona bosses de pell","robots":{"index":"index","follow":"follow","max-snippet":"max-snippet:-1","max-image-preview":"max-image-preview:large","max-video-preview":"max-video-preview:-1"},"og_locale":"ca_ES","og_type":"article","og_title":"Pol\u00edtica de cookies - Catsacks Barcelona bosses de pell","og_description":"[vc_row][vc_column][vc_empty_space][vc_column_text] Pol\u00edtica de Cookies Recollim informaci\u00f3 durant el proc\u00e9s de finalitzaci\u00f3 de la compra a la botiga. 1. Qu\u00e8 recollim i emmagatzemem? Mentre visites el web, farem seguiment de: Els productes que has vist: utilitzarem aix\u00f2, per exemple, per mostrar-te productes que hagis vist recentment. Ubicaci\u00f3, adre\u00e7a IP i tipus de navegador: utilitzarem aix\u00f2 per &hellip;","og_url":"http:\/\/catsacksbarcelona.eu\/ca\/politica-de-cookies\/","og_site_name":"Catsacks Barcelona bosses de pell","article_publisher":"https:\/\/www.facebook.com\/catsacksbarcelona","article_modified_time":"2020-07-26T19:16:03+00:00","twitter_card":"summary_large_image","twitter_misc":{"Temps estimat de lectura":"3 minuts"},"schema":{"@context":"https:\/\/schema.org","@graph":[{"@type":"WebPage","@id":"http:\/\/catsacksbarcelona.eu\/ca\/politica-de-cookies\/","url":"http:\/\/catsacksbarcelona.eu\/ca\/politica-de-cookies\/","name":"Pol\u00edtica de cookies - Catsacks Barcelona bosses de pell","isPartOf":{"@id":"https:\/\/catsacksbarcelona.eu\/ca\/#website"},"datePublished":"2020-07-24T19:25:18+00:00","dateModified":"2020-07-26T19:16:03+00:00","breadcrumb":{"@id":"http:\/\/catsacksbarcelona.eu\/ca\/politica-de-cookies\/#breadcrumb"},"inLanguage":"ca","potentialAction":[{"@type":"ReadAction","target":["http:\/\/catsacksbarcelona.eu\/ca\/politica-de-cookies\/"]}]},{"@type":"BreadcrumbList","@id":"http:\/\/catsacksbarcelona.eu\/ca\/politica-de-cookies\/#breadcrumb","itemListElement":[{"@type":"ListItem","position":1,"name":"Portada","item":"https:\/\/catsacksbarcelona.eu\/ca\/"},{"@type":"ListItem","position":2,"name":"Pol\u00edtica de cookies"}]},{"@type":"WebSite","@id":"https:\/\/catsacksbarcelona.eu\/ca\/#website","url":"https:\/\/catsacksbarcelona.eu\/ca\/","name":"Catsacks Barcelona Bolsos de Piel","description":"Bolsos piel de calidad dise&ntilde;ados y confeccionados en Barcelona","publisher":{"@id":"https:\/\/catsacksbarcelona.eu\/ca\/#organization"},"potentialAction":[{"@type":"SearchAction","target":{"@type":"EntryPoint","urlTemplate":"https:\/\/catsacksbarcelona.eu\/ca\/?s={search_term_string}"},"query-input":"required name=search_term_string"}],"inLanguage":"ca"},{"@type":"Organization","@id":"https:\/\/catsacksbarcelona.eu\/ca\/#organization","name":"Catsacks Barcelona","url":"https:\/\/catsacksbarcelona.eu\/ca\/","logo":{"@type":"ImageObject","inLanguage":"ca","@id":"https:\/\/catsacksbarcelona.eu\/ca\/#\/schema\/logo\/image\/","url":"http:\/\/catsacksbarcelona.eu\/wp-content\/uploads\/2020\/06\/logo-logo.png","contentUrl":"http:\/\/catsacksbarcelona.eu\/wp-content\/uploads\/2020\/06\/logo-logo.png","width":1200,"height":309,"caption":"Catsacks Barcelona"},"image":{"@id":"https:\/\/catsacksbarcelona.eu\/ca\/#\/schema\/logo\/image\/"},"sameAs":["https:\/\/www.facebook.com\/catsacksbarcelona","https:\/\/www.instagram.com\/catsacksbarcelona"]}]}},"_links":{"self":[{"href":"http:\/\/catsacksbarcelona.eu\/ca\/wp-json\/wp\/v2\/pages\/4117"}],"collection":[{"href":"http:\/\/catsacksbarcelona.eu\/ca\/wp-json\/wp\/v2\/pages"}],"about":[{"href":"http:\/\/catsacksbarcelona.eu\/ca\/wp-json\/wp\/v2\/types\/page"}],"author":[{"embeddable":true,"href":"http:\/\/catsacksbarcelona.eu\/ca\/wp-json\/wp\/v2\/users\/1"}],"replies":[{"embeddable":true,"href":"http:\/\/catsacksbarcelona.eu\/ca\/wp-json\/wp\/v2\/comments?post=4117"}],"version-history":[{"count":16,"href":"http:\/\/catsacksbarcelona.eu\/ca\/wp-json\/wp\/v2\/pages\/4117\/revisions"}],"predecessor-version":[{"id":4294,"href":"http:\/\/catsacksbarcelona.eu\/ca\/wp-json\/wp\/v2\/pages\/4117\/revisions\/4294"}],"wp:attachment":[{"href":"http:\/\/catsacksbarcelona.eu\/ca\/wp-json\/wp\/v2\/media?parent=4117"}],"curies":[{"name":"wp","href":"https:\/\/api.w.org\/{rel}","templated":true}]}}