{"id":4226,"date":"2020-07-25T10:12:38","date_gmt":"2020-07-25T08:12:38","guid":{"rendered":"http:\/\/catsacksbarcelona.eu\/avis-legal-politica-de-devolucio-i-cancellacions\/"},"modified":"2022-05-04T17:16:56","modified_gmt":"2022-05-04T15:16:56","slug":"avis-legal-politica-de-devolucio-i-cancellacions","status":"publish","type":"page","link":"http:\/\/catsacksbarcelona.eu\/ca\/avis-legal-politica-de-devolucio-i-cancellacions\/","title":{"rendered":"Av\u00eds Legal \/ Pol\u00edtica de devoluci\u00f3 i cancel\u00b7lacions"},"content":{"rendered":"<div class=\"wpb-content-wrapper\"><p>[vc_row][vc_column][vc_empty_space][\/vc_column][\/vc_row][vc_row][vc_column][vc_column_text]<\/p>\n<div class=\"nm-row\">\n<div class=\"col-xs-12\">\n<div id=\"post-2950\" class=\"post-2950 page type-page status-publish hentry\">\n<h3>Identificaci\u00f3 i Titularitat<\/h3>\n<p>En compliment de l&#8217;article 10 de la Llei 34\/2002, d&#8217;11 de juliol, de Serveis de la Societat de la Informaci\u00f3 i Comer\u00e7 Electr\u00f2nic, el Titular exposa les seves dades d\u2019identificaci\u00f3.<\/p>\n<ul>\n<li><b>Titular:<\/b> Cuxart Sacks, S.L..<\/li>\n<li><b>NIF:<\/b> B67608547<\/li>\n<li>Inscrita en el registre mercantil de Barcelona, tom 47299, secci\u00f3 general, foli 115, full B547772, inscripci\u00f3 1\u00aa.<\/li>\n<li><b>Adre\u00e7a:<\/b> C\/ Montecassino, 2 baixos, 08006 Barcelona &#8211; Espa\u00f1a.<\/li>\n<li><b>Correu electr\u00f2nic:<\/b> <a href=\"mailto:info@catsacks.eu\">info@catsacks.eu<\/a><\/li>\n<li><b>Web:<\/b> <a href=\"http:\/\/catsacksbarcelona.eu\/ca\/\">http:\/\/catsacksbarcelona.eu<\/a><\/li>\n<\/ul>\n<h3>Condicions d&#8217;\u00das<\/h3>\n<p>La utilitzaci\u00f3 del lloc web t&#8217;atorga la condici\u00f3 d\u2019usuari, i implica l&#8217;acceptaci\u00f3 completa de totes les cl\u00e0usules i condicions d&#8217;\u00fas incloses en les p\u00e0gines:<\/p>\n<ul>\n<li><a href=\"http:\/\/catsacksbarcelona.eu\/ca\/avis-legal-politica-de-devolucio-i-cancellacions\/?lang=ca\">Av\u00eds Legal<\/a><\/li>\n<li><a href=\"http:\/\/catsacksbarcelona.eu\/ca\/politica-de-cookies\/?lang=ca\">Pol\u00edtica de Cookies<\/a><\/li>\n<\/ul>\n<p>Si no est\u00e0s conforme amb totes i cadascuna d&#8217;aquestes cl\u00e0usules i condicions t&#8217;abstindr\u00e0s d&#8217;utilitzar aquest lloc web.<br \/>\nL&#8217;acc\u00e9s a aquest lloc web no suposa, de cap manera, l&#8217;inici d&#8217;una relaci\u00f3 comercial amb Cuxart Sacks, S.L..<br \/>\nA trav\u00e9s d&#8217;aquest lloc web, el Titular et facilita l&#8217;acc\u00e9s i la utilitzaci\u00f3 de diversos continguts que el Titular o els seus col\u00b7laboradors han publicat per mitj\u00e0 d&#8217;Internet.<br \/>\nA aquest efecte, t&#8217;obligues i et compromets a NO utilitzar qualsevol dels continguts del lloc web amb finalitats o efectes il\u00b7l\u00edcits, prohibits en aquest Av\u00eds Legal o per la legislaci\u00f3 vigent, perjudicials per als drets i interessos de tercers o que de qualsevol forma puguin perjudicar, inutilitzar, sobrecarregar, deteriorar o impedir la normal utilitzaci\u00f3 dels continguts, els equips inform\u00e0tics o els documents, arxius i tota classe de continguts emmagatzemats en qualsevol equip inform\u00e0tic propis o contractats per Cuxart Sacks, S.L., d&#8217;altres usuaris o de qualsevol usuari d&#8217;Internet.<\/p>\n<h3>Mesures de seguretat<\/h3>\n<p>Les dades personals que facilitis al Titular poden ser emmagatzemades en bases de dades automatitzades o no, la titularitat de les quals correspon en exclusiva a Cuxart Sacks, S.L., que assumeix totes les mesures d&#8217;\u00edndole t\u00e8cnica, organitzativa i de seguretat que garanteixen la confidencialitat, integritat i qualitat de la informaci\u00f3 continguda en les mateixes d&#8217;acord amb el que s&#8217;estableix en la normativa vigent en protecci\u00f3 de dades.<br \/>\nNo obstant aix\u00f2, has de ser conscient que les mesures de seguretat dels sistemes inform\u00e0tics a Internet no s\u00f3n del tot fiables i que, per tant el Titular no pot garantir la inexist\u00e8ncia de virus o altres elements que puguin produir alteracions en els sistemes inform\u00e0tics (programari i maquinari) de l&#8217;Usuari o en els seus documents electr\u00f2nics i fitxers continguts en els mateixos encara que Cuxart Sacks, S.L., hi ha posat tots els mitjans necessaris i hem pres totes les mesures de seguretat oportunes per a evitar la pres\u00e8ncia d&#8217;aquests elements nocius.<\/p>\n<h3>Continguts<\/h3>\n<p>El Titular ha obtingut la informaci\u00f3, el contingut multim\u00e8dia i els materials inclosos en el lloc web de fonts pr\u00f2pies, per\u00f2, si b\u00e9 ha pres totes les mesures raonables per a assegurar que la informaci\u00f3 continguda \u00e9s correcta, el Titular no garanteix que sigui exacta, completa o actualitzada. Cuxart Sacks, S.L. declina expressament qualsevol responsabilitat per error o omissi\u00f3 en la informaci\u00f3 continguda en les p\u00e0gines d&#8217;aquest lloc web.<br \/>\nQueda prohibit transmetre o enviar a trav\u00e9s d\u2019aquest lloc web qualsevol contingut il\u00b7legal o il\u00b7l\u00edcit, virus inform\u00e0tics, o missatges que, en general, afectin o violin drets del Titular o de tercers.<br \/>\nEls continguts d&#8217;http:\/\/catsacksbarcelona.eu tenen una finalitat comercial, poden contenir ofertes per a la promoci\u00f3 de la seva venda i recomanacions per a promocionar la compra per part dels seus usuaris.<br \/>\nCuxart Sacks, S.L. es reserva el dret a modificar, suspendre, cancel\u00b7lar o restringir el contingut d&#8217;<a href=\"http:\/\/catsacksbarcelona.eu\/ca\/\">http:\/\/catsacksbarcelona.eu<\/a>, els vincles o la informaci\u00f3 continguda en el seu Web, sense necessitat de previ av\u00eds.<br \/>\nCuxart Sacks, S.L. no \u00e9s responsable dels danys i perjudicis que poguessin derivar-se de la utilitzaci\u00f3 de la informaci\u00f3 i continguts del lloc web o de la publicada en les xarxes socials del Titular per part de tercers.<\/p>\n<h3>Pol\u00edtica de cookies<\/h3>\n<p>A la p\u00e0gina Pol\u00edtica de Cookies pots consultar tota la informaci\u00f3 relativa a la pol\u00edtica de recollida i tractament de les cookies.<\/p>\n<h3>Enlla\u00e7os a altres llocs web<\/h3>\n<p>El Titular pot proporcionar-te acc\u00e9s a llocs web de tercers mitjan\u00e7ant enlla\u00e7os amb la finalitat exclusiva d&#8217;informar-te sobre l&#8217;exist\u00e8ncia d&#8217;altres fonts d&#8217;informaci\u00f3 a Internet en les quals podr\u00e0s ampliar les dades ofertes del lloc web.<br \/>\nAquests enlla\u00e7os a altres llocs web no suposen en cap cas un suggeriment o recomanaci\u00f3 perqu\u00e8 visitis les p\u00e0gines web de dest\u00ed, que estan fora del control del Titular, per la qual cosa Cuxart Sacks, S.L. no \u00e9s responsable del contingut dels llocs web vinculats ni del resultat que obtinguis en seguir els enlla\u00e7os.<br \/>\nAix\u00ed mateix, Cuxart Sacks, S.L. no respon dels links o enlla\u00e7os situats en els llocs web vinculats als quals et proporciona acc\u00e9s.<br \/>\nL&#8217;establiment de l&#8217;enlla\u00e7 no implica en cap cas l&#8217;exist\u00e8ncia de relacions entre Cuxart Sacks, S.L. i el propietari del lloc en el qual s&#8217;estableixi l&#8217;enlla\u00e7, ni l&#8217;acceptaci\u00f3 o aprovaci\u00f3 per part del Titular dels seus continguts o serveis.<br \/>\nSi accedeixes a un lloc web extern des d&#8217;un enlla\u00e7 que trobis en http:\/\/catsacksbarcelona.eu haur\u00e0s de llegir la pr\u00f2pia pol\u00edtica de privacitat de l&#8217;altre lloc web que pot ser diferent de la d&#8217;aquest lloc web.<\/p>\n<h3>Propietat intel\u00b7lectual i industrial<\/h3>\n<p>Tots els drets estan reservats.<br \/>\nTot acc\u00e9s a aquest lloc web est\u00e0 subjecte a les seg\u00fcents condicions: la reproducci\u00f3, enmagatzematge permanent i la difusi\u00f3 dels continguts o qualsevol altre \u00fas que tingui finalitat p\u00fablica o comercial queda expressament prohibida sense el consentiment previ expr\u00e9s i per escrit de Cuxart Sacks, S.L..<\/p>\n<h3>Limitaci\u00f3 de responsabilitat<\/h3>\n<p>Cuxart Sacks, S.L. declina qualsevol responsabilitat en cas que existeixin interrupcions o un mal funcionament dels Serveis o continguts oferts en Internet, qualsevol que sigui la seva causa. Aix\u00ed mateix, el Titular no es fa responsable per caigudes de la xarxa, p\u00e8rdues de negoci a conseq\u00fc\u00e8ncia d&#8217;aquestes caigudes, suspensions temporals de fluid el\u00e8ctric o qualsevol altre tipus de mal indirecte que pugui ser causat per causes alienes al Titular.<br \/>\nAbans de prendre decisions i\/o accions amb base a la informaci\u00f3 inclosa en el lloc web, el Titular et recomana comprovar i contrastar la informaci\u00f3 rebuda amb altres fonts.<\/p>\n<h3>Jurisdicci\u00f3<\/h3>\n<p>Aquest Av\u00eds Legal es regeix \u00edntegrament per la legislaci\u00f3 espanyola.<\/p>\n<h3>Contacte<\/h3>\n<p>En cas que tinguis qualsevol dubte sobre aquestes Condicions legals o vulguis realitzar qualsevol comentari sobre aquest lloc web, pots enviar un missatge de correu electr\u00f2nic a l&#8217;adre\u00e7a info@catsacks.eu.<\/p>\n<h3>Devolucions<\/h3>\n<h5>Com puc fer una devoluci\u00f3?<\/h5>\n<p>Per a realitzar una devoluci\u00f3 disposes d&#8217;un termini de 15 dies despr\u00e9s de la recepci\u00f3 de la teva comanda.<\/p>\n<p>Els passos a seguir s\u00f3n:<\/p>\n<p>1. Enviar un correu a info@catsacks.eu indicant-nos el n\u00famero de comanda i els articles que desitges retornar. Tamb\u00e9 pots fer-ho des del teu historial de comandes en el teu compte des de la web, seleccionant els articles que desitges retornar.<br \/>\n2. Despr\u00e9s d&#8217;acceptar la teva devoluci\u00f3, et sol\u00b7licitarem per correu el dia que et vagi b per a enviar-te el transport que et far\u00e0 la recollida (t\u00e9 un cost de 8\u20ac en Pen\u00ednsula, altres zones consultar, (ens reservem el dret a modificar aquest import per a embalatges grans) o pots enviar-nos-el pel teu compte al nostre magatzem situat a:<\/p>\n<p>Cuxart Sacks, S.L.<br \/>\nC\/ Montecassino, 2 baixos &#8211; 08006 Barcelona<\/p>\n<p>\u00danicament s&#8217;admeten devolucions lliurades a la adre\u00e7a especificada.<br \/>\n3. Una vegada haurem rebut els teus articles els revisarem, i si tot \u00e9s correcte, procedirem a abonar-te l&#8217;import del producte, descomptant, en cas d&#8217;haver recollit nosaltres, els costos de recollida esmentats anteriorment. Dins d&#8217;un termini m\u00e0xim de 7 dies h\u00e0bils despr\u00e9s de rebre el paquet en el nostre magatzem.<br \/>\nNOTA: El fet que acceptem la teva devoluci\u00f3 i la recepcionem en el nostre magatzem, no garanteix que es retornin els diners, per aix\u00f2 ha de complir les condicions indicades a sota i no presentar signes d&#8217;\u00fas. En cas que no superi la fase de revisi\u00f3 ens reservem el dret de reexpedir-te la teva devoluci\u00f3 a ports deguts i descomptar les despeses de la recollida si \u00e9s que l&#8217;hem efectuat nosaltres.<\/p>\n<h5>Com puc fer un canvi?<\/h5>\n<p>Per a fer un canvi, haur\u00e0s de tramitar una devoluci\u00f3 i adquirir els nous articles realitzant una nova comanda per separat des de la web<\/p>\n<p><b>Requisits per a acceptar una devoluci\u00f3 o canvi<\/b><\/p>\n<p>Perqu\u00e8 puguem acceptar la devoluci\u00f3 i abonar-te l&#8217;import corresponent necessitem que compleixis els seg\u00fcents requisits:<br \/>\n1. Els articles han de ser empaquetats en la mateixa caixa en qu\u00e8 te la varem enviar, correctament precintada i indicant a l&#8217;exterior de la mateixa el teu nom i adre\u00e7a.<br \/>\n2. \u00c9s necessari incloure dins del paquet una fulla en la qual s&#8217;especifiqui el n\u00famero de comanda i nom complet de la persona que va realitzar la compra corresponent a la devoluci\u00f3, o una c\u00f2pia de la factura. en cas de no anar identificat no es podr\u00e0 realitzar el reemborsament.<br \/>\n3. Els articles hauran de contenir tot el seu embalatge original, etiquetatge, pl\u00e0stics de protecci\u00f3, bosses, caixa en cas de contenir. En cas de no retornar-se correctament, ens reservarem el dret de no realitzar el reemborsament.<br \/>\n4. No s\u2019admetr\u00e0n les devolucions per a productes visiblement manipulats o amb danys visibles.<\/p>\n<p><b>L&#8217;article que he rebut t\u00e9 un defecte<\/b><\/p>\n<p>Posem una gran obstinaci\u00f3 en el nostre control de qualitat, encara aix\u00ed i en cas que els articles rebuts en tinguin alg\u00fan, haur\u00e0s d\u2019informar-nos en un termini m\u00e0xim de 48h, despr\u00e9s d&#8217;haver rebut la teva comanda i proporcionar-nos imatges del defecte, una vegada avaluat el defecte, si escau, ens farem c\u00e0rrec de tots els costos de recollida i realitzarem un nou enviament amb un nou producte d&#8217;iguals caracter\u00edstiques.<br \/>\nPer a solucionar-ho haur\u00e0s d&#8217;enviar-nos un correu a info@catsacks.eu, perqu\u00e8 enviem a l&#8217;ag\u00e8ncia de missatgeria a recollir l&#8217;article defectu\u00f3s i despr\u00e9s de rebre-ho procedirem a l&#8217;abonament complet sense costos.<\/p>\n<h3>Cancel\u00b7laci\u00f3 de comandes:<\/h3>\n<p>Si decideixes cancel\u00b7lar la comanda despr\u00e9s de finalitzar la compra, podr\u00e0s fer-lo sense cap c\u00e0rrec, sempre que la comanda no hagi estat enviada.<br \/>\nPer a realitzar una cancel\u00b7laci\u00f3, haur\u00e0s de contactar a trav\u00e9s de la seg\u00fcent adre\u00e7a de correu electr\u00f2nic: info@catsacks.eu.<br \/>\nTingues en compte que tots els nostres productes estan en estoc i que l&#8217;enviament es realitza dins de les 12h seg\u00fcents a la realitzaci\u00f3 de la teva comanda, per tant si el producte hagu\u00e9s estat enviat, no podr\u00e0 ser cancel\u00b7lat: En aquest cas t\u2019ho comunicarem al correu electr\u00f2nic que ens has facilitat.<br \/>\nPer a retornar la comanda, haur\u00e0s de fer-lo una vegada l&#8217;hagis rebut i seguint les condicions de devoluci\u00f3 esmentades anteriorment.<\/p>\n<\/div>\n<\/div>\n<\/div>\n<p>[\/vc_column_text][\/vc_column][\/vc_row]<\/p>\n<\/div>","protected":false},"excerpt":{"rendered":"<p>[vc_row][vc_column][vc_empty_space][\/vc_column][\/vc_row][vc_row][vc_column][vc_column_text] Identificaci\u00f3 i Titularitat En compliment de l&#8217;article 10 de la Llei 34\/2002, d&#8217;11 de juliol, de Serveis de la Societat de la Informaci\u00f3 i Comer\u00e7 Electr\u00f2nic, el Titular exposa les seves dades d\u2019identificaci\u00f3. Titular: Cuxart Sacks, S.L.. NIF: B67608547 Inscrita en el registre mercantil de Barcelona, tom 47299, secci\u00f3 general, foli 115, full B547772, &hellip;<\/p>\n","protected":false},"author":1,"featured_media":0,"parent":0,"menu_order":0,"comment_status":"closed","ping_status":"closed","template":"","meta":{"footnotes":""},"yoast_head":"<!-- This site is optimized with the Yoast SEO plugin v22.6 - https:\/\/yoast.com\/wordpress\/plugins\/seo\/ -->\n<title>Av\u00eds Legal \/ Pol\u00edtica de devoluci\u00f3 i cancel\u00b7lacions - Catsacks Barcelona bosses de pell<\/title>\n<meta name=\"robots\" content=\"noindex, follow\" \/>\n<meta property=\"og:locale\" content=\"ca_ES\" \/>\n<meta property=\"og:type\" content=\"article\" \/>\n<meta property=\"og:title\" content=\"Av\u00eds Legal \/ Pol\u00edtica de devoluci\u00f3 i cancel\u00b7lacions - Catsacks Barcelona bosses de pell\" \/>\n<meta property=\"og:description\" content=\"[vc_row][vc_column][vc_empty_space][\/vc_column][\/vc_row][vc_row][vc_column][vc_column_text] Identificaci\u00f3 i Titularitat En compliment de l&#8217;article 10 de la Llei 34\/2002, d&#8217;11 de juliol, de Serveis de la Societat de la Informaci\u00f3 i Comer\u00e7 Electr\u00f2nic, el Titular exposa les seves dades d\u2019identificaci\u00f3. Titular: Cuxart Sacks, S.L.. NIF: B67608547 Inscrita en el registre mercantil de Barcelona, tom 47299, secci\u00f3 general, foli 115, full B547772, &hellip;\" \/>\n<meta property=\"og:url\" content=\"http:\/\/catsacksbarcelona.eu\/ca\/avis-legal-politica-de-devolucio-i-cancellacions\/\" \/>\n<meta property=\"og:site_name\" content=\"Catsacks Barcelona bosses de pell\" \/>\n<meta property=\"article:publisher\" content=\"https:\/\/www.facebook.com\/catsacksbarcelona\" \/>\n<meta property=\"article:modified_time\" content=\"2022-05-04T15:16:56+00:00\" \/>\n<meta name=\"twitter:card\" content=\"summary_large_image\" \/>\n<meta name=\"twitter:label1\" content=\"Temps estimat de lectura\" \/>\n\t<meta name=\"twitter:data1\" content=\"9 minuts\" \/>\n<script type=\"application\/ld+json\" class=\"yoast-schema-graph\">{\"@context\":\"https:\/\/schema.org\",\"@graph\":[{\"@type\":\"WebPage\",\"@id\":\"http:\/\/catsacksbarcelona.eu\/ca\/avis-legal-politica-de-devolucio-i-cancellacions\/\",\"url\":\"http:\/\/catsacksbarcelona.eu\/ca\/avis-legal-politica-de-devolucio-i-cancellacions\/\",\"name\":\"Av\u00eds Legal \/ Pol\u00edtica de devoluci\u00f3 i cancel\u00b7lacions - Catsacks Barcelona bosses de pell\",\"isPartOf\":{\"@id\":\"https:\/\/catsacksbarcelona.eu\/ca\/#website\"},\"datePublished\":\"2020-07-25T08:12:38+00:00\",\"dateModified\":\"2022-05-04T15:16:56+00:00\",\"breadcrumb\":{\"@id\":\"http:\/\/catsacksbarcelona.eu\/ca\/avis-legal-politica-de-devolucio-i-cancellacions\/#breadcrumb\"},\"inLanguage\":\"ca\",\"potentialAction\":[{\"@type\":\"ReadAction\",\"target\":[\"http:\/\/catsacksbarcelona.eu\/ca\/avis-legal-politica-de-devolucio-i-cancellacions\/\"]}]},{\"@type\":\"BreadcrumbList\",\"@id\":\"http:\/\/catsacksbarcelona.eu\/ca\/avis-legal-politica-de-devolucio-i-cancellacions\/#breadcrumb\",\"itemListElement\":[{\"@type\":\"ListItem\",\"position\":1,\"name\":\"Portada\",\"item\":\"https:\/\/catsacksbarcelona.eu\/ca\/\"},{\"@type\":\"ListItem\",\"position\":2,\"name\":\"Av\u00eds Legal \/ Pol\u00edtica de devoluci\u00f3 i cancel\u00b7lacions\"}]},{\"@type\":\"WebSite\",\"@id\":\"https:\/\/catsacksbarcelona.eu\/ca\/#website\",\"url\":\"https:\/\/catsacksbarcelona.eu\/ca\/\",\"name\":\"Catsacks Barcelona Bolsos de Piel\",\"description\":\"Bolsos piel de calidad dise&ntilde;ados y confeccionados en Barcelona\",\"publisher\":{\"@id\":\"https:\/\/catsacksbarcelona.eu\/ca\/#organization\"},\"potentialAction\":[{\"@type\":\"SearchAction\",\"target\":{\"@type\":\"EntryPoint\",\"urlTemplate\":\"https:\/\/catsacksbarcelona.eu\/ca\/?s={search_term_string}\"},\"query-input\":\"required name=search_term_string\"}],\"inLanguage\":\"ca\"},{\"@type\":\"Organization\",\"@id\":\"https:\/\/catsacksbarcelona.eu\/ca\/#organization\",\"name\":\"Catsacks Barcelona\",\"url\":\"https:\/\/catsacksbarcelona.eu\/ca\/\",\"logo\":{\"@type\":\"ImageObject\",\"inLanguage\":\"ca\",\"@id\":\"https:\/\/catsacksbarcelona.eu\/ca\/#\/schema\/logo\/image\/\",\"url\":\"http:\/\/catsacksbarcelona.eu\/wp-content\/uploads\/2020\/06\/logo-logo.png\",\"contentUrl\":\"http:\/\/catsacksbarcelona.eu\/wp-content\/uploads\/2020\/06\/logo-logo.png\",\"width\":1200,\"height\":309,\"caption\":\"Catsacks Barcelona\"},\"image\":{\"@id\":\"https:\/\/catsacksbarcelona.eu\/ca\/#\/schema\/logo\/image\/\"},\"sameAs\":[\"https:\/\/www.facebook.com\/catsacksbarcelona\",\"https:\/\/www.instagram.com\/catsacksbarcelona\"]}]}<\/script>\n<!-- \/ Yoast SEO plugin. -->","yoast_head_json":{"title":"Av\u00eds Legal \/ Pol\u00edtica de devoluci\u00f3 i cancel\u00b7lacions - Catsacks Barcelona bosses de pell","robots":{"index":"noindex","follow":"follow"},"og_locale":"ca_ES","og_type":"article","og_title":"Av\u00eds Legal \/ Pol\u00edtica de devoluci\u00f3 i cancel\u00b7lacions - Catsacks Barcelona bosses de pell","og_description":"[vc_row][vc_column][vc_empty_space][\/vc_column][\/vc_row][vc_row][vc_column][vc_column_text] Identificaci\u00f3 i Titularitat En compliment de l&#8217;article 10 de la Llei 34\/2002, d&#8217;11 de juliol, de Serveis de la Societat de la Informaci\u00f3 i Comer\u00e7 Electr\u00f2nic, el Titular exposa les seves dades d\u2019identificaci\u00f3. Titular: Cuxart Sacks, S.L.. NIF: B67608547 Inscrita en el registre mercantil de Barcelona, tom 47299, secci\u00f3 general, foli 115, full B547772, &hellip;","og_url":"http:\/\/catsacksbarcelona.eu\/ca\/avis-legal-politica-de-devolucio-i-cancellacions\/","og_site_name":"Catsacks Barcelona bosses de pell","article_publisher":"https:\/\/www.facebook.com\/catsacksbarcelona","article_modified_time":"2022-05-04T15:16:56+00:00","twitter_card":"summary_large_image","twitter_misc":{"Temps estimat de lectura":"9 minuts"},"schema":{"@context":"https:\/\/schema.org","@graph":[{"@type":"WebPage","@id":"http:\/\/catsacksbarcelona.eu\/ca\/avis-legal-politica-de-devolucio-i-cancellacions\/","url":"http:\/\/catsacksbarcelona.eu\/ca\/avis-legal-politica-de-devolucio-i-cancellacions\/","name":"Av\u00eds Legal \/ Pol\u00edtica de devoluci\u00f3 i cancel\u00b7lacions - Catsacks Barcelona bosses de pell","isPartOf":{"@id":"https:\/\/catsacksbarcelona.eu\/ca\/#website"},"datePublished":"2020-07-25T08:12:38+00:00","dateModified":"2022-05-04T15:16:56+00:00","breadcrumb":{"@id":"http:\/\/catsacksbarcelona.eu\/ca\/avis-legal-politica-de-devolucio-i-cancellacions\/#breadcrumb"},"inLanguage":"ca","potentialAction":[{"@type":"ReadAction","target":["http:\/\/catsacksbarcelona.eu\/ca\/avis-legal-politica-de-devolucio-i-cancellacions\/"]}]},{"@type":"BreadcrumbList","@id":"http:\/\/catsacksbarcelona.eu\/ca\/avis-legal-politica-de-devolucio-i-cancellacions\/#breadcrumb","itemListElement":[{"@type":"ListItem","position":1,"name":"Portada","item":"https:\/\/catsacksbarcelona.eu\/ca\/"},{"@type":"ListItem","position":2,"name":"Av\u00eds Legal \/ Pol\u00edtica de devoluci\u00f3 i cancel\u00b7lacions"}]},{"@type":"WebSite","@id":"https:\/\/catsacksbarcelona.eu\/ca\/#website","url":"https:\/\/catsacksbarcelona.eu\/ca\/","name":"Catsacks Barcelona Bolsos de Piel","description":"Bolsos piel de calidad dise&ntilde;ados y confeccionados en Barcelona","publisher":{"@id":"https:\/\/catsacksbarcelona.eu\/ca\/#organization"},"potentialAction":[{"@type":"SearchAction","target":{"@type":"EntryPoint","urlTemplate":"https:\/\/catsacksbarcelona.eu\/ca\/?s={search_term_string}"},"query-input":"required name=search_term_string"}],"inLanguage":"ca"},{"@type":"Organization","@id":"https:\/\/catsacksbarcelona.eu\/ca\/#organization","name":"Catsacks Barcelona","url":"https:\/\/catsacksbarcelona.eu\/ca\/","logo":{"@type":"ImageObject","inLanguage":"ca","@id":"https:\/\/catsacksbarcelona.eu\/ca\/#\/schema\/logo\/image\/","url":"http:\/\/catsacksbarcelona.eu\/wp-content\/uploads\/2020\/06\/logo-logo.png","contentUrl":"http:\/\/catsacksbarcelona.eu\/wp-content\/uploads\/2020\/06\/logo-logo.png","width":1200,"height":309,"caption":"Catsacks Barcelona"},"image":{"@id":"https:\/\/catsacksbarcelona.eu\/ca\/#\/schema\/logo\/image\/"},"sameAs":["https:\/\/www.facebook.com\/catsacksbarcelona","https:\/\/www.instagram.com\/catsacksbarcelona"]}]}},"_links":{"self":[{"href":"http:\/\/catsacksbarcelona.eu\/ca\/wp-json\/wp\/v2\/pages\/4226"}],"collection":[{"href":"http:\/\/catsacksbarcelona.eu\/ca\/wp-json\/wp\/v2\/pages"}],"about":[{"href":"http:\/\/catsacksbarcelona.eu\/ca\/wp-json\/wp\/v2\/types\/page"}],"author":[{"embeddable":true,"href":"http:\/\/catsacksbarcelona.eu\/ca\/wp-json\/wp\/v2\/users\/1"}],"replies":[{"embeddable":true,"href":"http:\/\/catsacksbarcelona.eu\/ca\/wp-json\/wp\/v2\/comments?post=4226"}],"version-history":[{"count":7,"href":"http:\/\/catsacksbarcelona.eu\/ca\/wp-json\/wp\/v2\/pages\/4226\/revisions"}],"predecessor-version":[{"id":6007,"href":"http:\/\/catsacksbarcelona.eu\/ca\/wp-json\/wp\/v2\/pages\/4226\/revisions\/6007"}],"wp:attachment":[{"href":"http:\/\/catsacksbarcelona.eu\/ca\/wp-json\/wp\/v2\/media?parent=4226"}],"curies":[{"name":"wp","href":"https:\/\/api.w.org\/{rel}","templated":true}]}}