{"id":3675,"date":"2020-06-08T14:31:33","date_gmt":"2020-06-08T12:31:33","guid":{"rendered":"http:\/\/catsacksbarcelona.eu\/producto\/bossa-de-ma-becka-cobre\/"},"modified":"2020-10-06T12:00:08","modified_gmt":"2020-10-06T10:00:08","slug":"bossa-de-espatlla-pell-coure-becka","status":"publish","type":"product","link":"http:\/\/catsacksbarcelona.eu\/ca\/bossa-de-espatlla-pell-coure-becka\/","title":{"rendered":"Bossa de m\u00e0 \/ BECKA Coure"},"content":{"rendered":"<p>Bossa mitjana fabricada en pell, tancada amb imant.<br \/>\nDisposes de 2 butxaques exteriors amb solapa en els laterals per a tot el que desitgis tenir a m\u00e0 i a l&#8217;interior dues grans butxaques obertes i una tercera butxaca tancada amb cremallera, un pr\u00e0ctic targeter i una zona per a material d&#8217;escriptura.<br \/>\nTamb\u00e9 tens una tira interior amb mosquet\u00f3 del qual podr\u00e0s penjar f\u00e0cilment les teves claus i trobar-les tan sols estirant d&#8217;ella.<br \/>\nNansa de m\u00e0 o per a penjar-ho a l&#8217;espatlla i corretja ajustable mitjan\u00e7ant regulador a qualsevol mida, el que et permetr\u00e0 poder portar-ho creuat en bandolera.<\/p>\n","protected":false},"excerpt":{"rendered":"<p><em>El m\u00e9s brillant<\/em> <\/p>\n<p>100% pell bov\u00ed \/ folre 100% cot\u00f3 <br \/>Al\u00e7ada 29 cm x ample 30 cm <br \/>Base llarg 30 cm x ample 12 cm <br \/>5 combinacions: <br \/><a href=\"http:\/\/catsacksbarcelona.eu\/ca\/producte\/bossa-de-espatlla-pell-silver-becka\/\">Plata metal\u00b7litzat \/ Negre<\/a> <br \/><a href=\"http:\/\/catsacksbarcelona.eu\/ca\/producte\/bossa-de-espatlla-pell-bronze-becka\/\">Bronze metal\u00b7litzat \/ Negre<\/a> <br \/><a href=\"http:\/\/catsacksbarcelona.eu\/ca\/producte\/bossa-de-espatlla-pell-coure-becka\/\">Coure metal\u00b7litzat \/ Negre<\/a> <br \/><a href=\"http:\/\/catsacksbarcelona.eu\/ca\/producte\/bossa-de-espatlla-pell-blau-becka\/\">Blau metal\u00b7litzat \/ Negre<\/a> <br \/><a href=\"http:\/\/catsacksbarcelona.eu\/ca\/producte\/bossa-de-espatlla-pell-verda-becka\/\">Verd metal\u00b7litzat \/ Negre<\/a><\/p>\n","protected":false},"featured_media":3685,"comment_status":"open","ping_status":"closed","template":"","meta":[],"product_cat":[113],"product_tag":[131],"yoast_head":"<!-- This site is optimized with the Yoast SEO plugin v22.6 - https:\/\/yoast.com\/wordpress\/plugins\/seo\/ -->\n<title>Bossa de m\u00e0 \/ BECKA Coure - Catsacks Barcelona bosses de pell<\/title>\n<meta name=\"robots\" content=\"index, follow, max-snippet:-1, max-image-preview:large, max-video-preview:-1\" \/>\n<meta property=\"og:locale\" content=\"ca_ES\" \/>\n<meta property=\"og:type\" content=\"article\" \/>\n<meta property=\"og:title\" content=\"Bossa de m\u00e0 \/ BECKA Coure - Catsacks Barcelona bosses de pell\" \/>\n<meta property=\"og:description\" content=\"El m\u00e9s brillant 100% pell bov\u00ed \/ folre 100% cot\u00f3 Al\u00e7ada 29 cm x ample 30 cm Base llarg 30 cm x ample 12 cm 5 combinacions: Plata metal\u00b7litzat \/ Negre Bronze metal\u00b7litzat \/ Negre Coure metal\u00b7litzat \/ Negre Blau metal\u00b7litzat \/ Negre Verd metal\u00b7litzat \/ Negre\" \/>\n<meta property=\"og:url\" content=\"http:\/\/catsacksbarcelona.eu\/ca\/bossa-de-espatlla-pell-coure-becka\/\" \/>\n<meta property=\"og:site_name\" content=\"Catsacks Barcelona bosses de pell\" \/>\n<meta property=\"article:publisher\" content=\"https:\/\/www.facebook.com\/catsacksbarcelona\" \/>\n<meta property=\"article:modified_time\" content=\"2020-10-06T10:00:08+00:00\" \/>\n<meta property=\"og:image\" content=\"https:\/\/catsacksbarcelona.eu\/wp-content\/uploads\/2020\/06\/BECKA-COURE-1.jpg\" \/>\n\t<meta property=\"og:image:width\" content=\"1280\" \/>\n\t<meta property=\"og:image:height\" content=\"1588\" \/>\n\t<meta property=\"og:image:type\" content=\"image\/jpeg\" \/>\n<meta name=\"twitter:card\" content=\"summary_large_image\" \/>\n<meta name=\"twitter:label1\" content=\"Temps estimat de lectura\" \/>\n\t<meta name=\"twitter:data1\" content=\"1 minut\" \/>\n<script type=\"application\/ld+json\" class=\"yoast-schema-graph\">{\"@context\":\"https:\/\/schema.org\",\"@graph\":[{\"@type\":\"WebPage\",\"@id\":\"http:\/\/catsacksbarcelona.eu\/ca\/bossa-de-espatlla-pell-coure-becka\/\",\"url\":\"http:\/\/catsacksbarcelona.eu\/ca\/bossa-de-espatlla-pell-coure-becka\/\",\"name\":\"Bossa de m\u00e0 \/ BECKA Coure - Catsacks Barcelona bosses de pell\",\"isPartOf\":{\"@id\":\"http:\/\/catsacksbarcelona.eu\/ca\/#website\"},\"primaryImageOfPage\":{\"@id\":\"http:\/\/catsacksbarcelona.eu\/ca\/bossa-de-espatlla-pell-coure-becka\/#primaryimage\"},\"image\":{\"@id\":\"http:\/\/catsacksbarcelona.eu\/ca\/bossa-de-espatlla-pell-coure-becka\/#primaryimage\"},\"thumbnailUrl\":\"http:\/\/catsacksbarcelona.eu\/wp-content\/uploads\/2020\/06\/BECKA-COURE-1.jpg\",\"datePublished\":\"2020-06-08T12:31:33+00:00\",\"dateModified\":\"2020-10-06T10:00:08+00:00\",\"breadcrumb\":{\"@id\":\"http:\/\/catsacksbarcelona.eu\/ca\/bossa-de-espatlla-pell-coure-becka\/#breadcrumb\"},\"inLanguage\":\"ca\",\"potentialAction\":[{\"@type\":\"ReadAction\",\"target\":[\"http:\/\/catsacksbarcelona.eu\/ca\/bossa-de-espatlla-pell-coure-becka\/\"]}]},{\"@type\":\"ImageObject\",\"inLanguage\":\"ca\",\"@id\":\"http:\/\/catsacksbarcelona.eu\/ca\/bossa-de-espatlla-pell-coure-becka\/#primaryimage\",\"url\":\"http:\/\/catsacksbarcelona.eu\/wp-content\/uploads\/2020\/06\/BECKA-COURE-1.jpg\",\"contentUrl\":\"http:\/\/catsacksbarcelona.eu\/wp-content\/uploads\/2020\/06\/BECKA-COURE-1.jpg\",\"width\":1280,\"height\":1588,\"caption\":\"Bolso de hombro cobre\"},{\"@type\":\"BreadcrumbList\",\"@id\":\"http:\/\/catsacksbarcelona.eu\/ca\/bossa-de-espatlla-pell-coure-becka\/#breadcrumb\",\"itemListElement\":[{\"@type\":\"ListItem\",\"position\":1,\"name\":\"Portada\",\"item\":\"http:\/\/catsacksbarcelona.eu\/ca\/\"},{\"@type\":\"ListItem\",\"position\":2,\"name\":\"tienda\",\"item\":\"https:\/\/catsacksbarcelona.eu\/tienda\/\"},{\"@type\":\"ListItem\",\"position\":3,\"name\":\"Bossa de m\u00e0 \/ BECKA Coure\"}]},{\"@type\":\"WebSite\",\"@id\":\"http:\/\/catsacksbarcelona.eu\/ca\/#website\",\"url\":\"http:\/\/catsacksbarcelona.eu\/ca\/\",\"name\":\"Catsacks Barcelona Bolsos de Piel\",\"description\":\"Bolsos piel de calidad dise&ntilde;ados y confeccionados en Barcelona\",\"publisher\":{\"@id\":\"http:\/\/catsacksbarcelona.eu\/ca\/#organization\"},\"potentialAction\":[{\"@type\":\"SearchAction\",\"target\":{\"@type\":\"EntryPoint\",\"urlTemplate\":\"http:\/\/catsacksbarcelona.eu\/ca\/?s={search_term_string}\"},\"query-input\":\"required name=search_term_string\"}],\"inLanguage\":\"ca\"},{\"@type\":\"Organization\",\"@id\":\"http:\/\/catsacksbarcelona.eu\/ca\/#organization\",\"name\":\"Catsacks Barcelona\",\"url\":\"http:\/\/catsacksbarcelona.eu\/ca\/\",\"logo\":{\"@type\":\"ImageObject\",\"inLanguage\":\"ca\",\"@id\":\"http:\/\/catsacksbarcelona.eu\/ca\/#\/schema\/logo\/image\/\",\"url\":\"http:\/\/catsacksbarcelona.eu\/wp-content\/uploads\/2020\/06\/logo-logo.png\",\"contentUrl\":\"http:\/\/catsacksbarcelona.eu\/wp-content\/uploads\/2020\/06\/logo-logo.png\",\"width\":1200,\"height\":309,\"caption\":\"Catsacks Barcelona\"},\"image\":{\"@id\":\"http:\/\/catsacksbarcelona.eu\/ca\/#\/schema\/logo\/image\/\"},\"sameAs\":[\"https:\/\/www.facebook.com\/catsacksbarcelona\",\"https:\/\/www.instagram.com\/catsacksbarcelona\"]}]}<\/script>\n<!-- \/ Yoast SEO plugin. -->","yoast_head_json":{"title":"Bossa de m\u00e0 \/ BECKA Coure - Catsacks Barcelona bosses de pell","robots":{"index":"index","follow":"follow","max-snippet":"max-snippet:-1","max-image-preview":"max-image-preview:large","max-video-preview":"max-video-preview:-1"},"og_locale":"ca_ES","og_type":"article","og_title":"Bossa de m\u00e0 \/ BECKA Coure - Catsacks Barcelona bosses de pell","og_description":"El m\u00e9s brillant 100% pell bov\u00ed \/ folre 100% cot\u00f3 Al\u00e7ada 29 cm x ample 30 cm Base llarg 30 cm x ample 12 cm 5 combinacions: Plata metal\u00b7litzat \/ Negre Bronze metal\u00b7litzat \/ Negre Coure metal\u00b7litzat \/ Negre Blau metal\u00b7litzat \/ Negre Verd metal\u00b7litzat \/ Negre","og_url":"http:\/\/catsacksbarcelona.eu\/ca\/bossa-de-espatlla-pell-coure-becka\/","og_site_name":"Catsacks Barcelona bosses de pell","article_publisher":"https:\/\/www.facebook.com\/catsacksbarcelona","article_modified_time":"2020-10-06T10:00:08+00:00","og_image":[{"width":1280,"height":1588,"url":"https:\/\/catsacksbarcelona.eu\/wp-content\/uploads\/2020\/06\/BECKA-COURE-1.jpg","type":"image\/jpeg"}],"twitter_card":"summary_large_image","twitter_misc":{"Temps estimat de lectura":"1 minut"},"schema":{"@context":"https:\/\/schema.org","@graph":[{"@type":"WebPage","@id":"http:\/\/catsacksbarcelona.eu\/ca\/bossa-de-espatlla-pell-coure-becka\/","url":"http:\/\/catsacksbarcelona.eu\/ca\/bossa-de-espatlla-pell-coure-becka\/","name":"Bossa de m\u00e0 \/ BECKA Coure - Catsacks Barcelona bosses de pell","isPartOf":{"@id":"http:\/\/catsacksbarcelona.eu\/ca\/#website"},"primaryImageOfPage":{"@id":"http:\/\/catsacksbarcelona.eu\/ca\/bossa-de-espatlla-pell-coure-becka\/#primaryimage"},"image":{"@id":"http:\/\/catsacksbarcelona.eu\/ca\/bossa-de-espatlla-pell-coure-becka\/#primaryimage"},"thumbnailUrl":"http:\/\/catsacksbarcelona.eu\/wp-content\/uploads\/2020\/06\/BECKA-COURE-1.jpg","datePublished":"2020-06-08T12:31:33+00:00","dateModified":"2020-10-06T10:00:08+00:00","breadcrumb":{"@id":"http:\/\/catsacksbarcelona.eu\/ca\/bossa-de-espatlla-pell-coure-becka\/#breadcrumb"},"inLanguage":"ca","potentialAction":[{"@type":"ReadAction","target":["http:\/\/catsacksbarcelona.eu\/ca\/bossa-de-espatlla-pell-coure-becka\/"]}]},{"@type":"ImageObject","inLanguage":"ca","@id":"http:\/\/catsacksbarcelona.eu\/ca\/bossa-de-espatlla-pell-coure-becka\/#primaryimage","url":"http:\/\/catsacksbarcelona.eu\/wp-content\/uploads\/2020\/06\/BECKA-COURE-1.jpg","contentUrl":"http:\/\/catsacksbarcelona.eu\/wp-content\/uploads\/2020\/06\/BECKA-COURE-1.jpg","width":1280,"height":1588,"caption":"Bolso de hombro cobre"},{"@type":"BreadcrumbList","@id":"http:\/\/catsacksbarcelona.eu\/ca\/bossa-de-espatlla-pell-coure-becka\/#breadcrumb","itemListElement":[{"@type":"ListItem","position":1,"name":"Portada","item":"http:\/\/catsacksbarcelona.eu\/ca\/"},{"@type":"ListItem","position":2,"name":"tienda","item":"https:\/\/catsacksbarcelona.eu\/tienda\/"},{"@type":"ListItem","position":3,"name":"Bossa de m\u00e0 \/ BECKA Coure"}]},{"@type":"WebSite","@id":"http:\/\/catsacksbarcelona.eu\/ca\/#website","url":"http:\/\/catsacksbarcelona.eu\/ca\/","name":"Catsacks Barcelona Bolsos de Piel","description":"Bolsos piel de calidad dise&ntilde;ados y confeccionados en Barcelona","publisher":{"@id":"http:\/\/catsacksbarcelona.eu\/ca\/#organization"},"potentialAction":[{"@type":"SearchAction","target":{"@type":"EntryPoint","urlTemplate":"http:\/\/catsacksbarcelona.eu\/ca\/?s={search_term_string}"},"query-input":"required name=search_term_string"}],"inLanguage":"ca"},{"@type":"Organization","@id":"http:\/\/catsacksbarcelona.eu\/ca\/#organization","name":"Catsacks Barcelona","url":"http:\/\/catsacksbarcelona.eu\/ca\/","logo":{"@type":"ImageObject","inLanguage":"ca","@id":"http:\/\/catsacksbarcelona.eu\/ca\/#\/schema\/logo\/image\/","url":"http:\/\/catsacksbarcelona.eu\/wp-content\/uploads\/2020\/06\/logo-logo.png","contentUrl":"http:\/\/catsacksbarcelona.eu\/wp-content\/uploads\/2020\/06\/logo-logo.png","width":1200,"height":309,"caption":"Catsacks Barcelona"},"image":{"@id":"http:\/\/catsacksbarcelona.eu\/ca\/#\/schema\/logo\/image\/"},"sameAs":["https:\/\/www.facebook.com\/catsacksbarcelona","https:\/\/www.instagram.com\/catsacksbarcelona"]}]}},"_links":{"self":[{"href":"http:\/\/catsacksbarcelona.eu\/ca\/wp-json\/wp\/v2\/product\/3675"}],"collection":[{"href":"http:\/\/catsacksbarcelona.eu\/ca\/wp-json\/wp\/v2\/product"}],"about":[{"href":"http:\/\/catsacksbarcelona.eu\/ca\/wp-json\/wp\/v2\/types\/product"}],"replies":[{"embeddable":true,"href":"http:\/\/catsacksbarcelona.eu\/ca\/wp-json\/wp\/v2\/comments?post=3675"}],"wp:featuredmedia":[{"embeddable":true,"href":"http:\/\/catsacksbarcelona.eu\/ca\/wp-json\/wp\/v2\/media\/3685"}],"wp:attachment":[{"href":"http:\/\/catsacksbarcelona.eu\/ca\/wp-json\/wp\/v2\/media?parent=3675"}],"wp:term":[{"taxonomy":"product_cat","embeddable":true,"href":"http:\/\/catsacksbarcelona.eu\/ca\/wp-json\/wp\/v2\/product_cat?post=3675"},{"taxonomy":"product_tag","embeddable":true,"href":"http:\/\/catsacksbarcelona.eu\/ca\/wp-json\/wp\/v2\/product_tag?post=3675"}],"curies":[{"name":"wp","href":"https:\/\/api.w.org\/{rel}","templated":true}]}}