{"id":4054,"date":"2015-08-11T22:10:00","date_gmt":"2015-08-11T20:10:00","guid":{"rendered":"http:\/\/catsacksbarcelona.eu\/producto\/bossa-amb-cremallera-nomad-taupe\/"},"modified":"2020-10-05T20:35:23","modified_gmt":"2020-10-05T18:35:23","slug":"bossa-pell-beix-bandolera-nomad","status":"publish","type":"product","link":"http:\/\/catsacksbarcelona.eu\/ca\/bossa-pell-beix-bandolera-nomad\/","title":{"rendered":"Bossa amb cremallera \/ NOMAD Taup\u00e9"},"content":{"rendered":"<p>Bossa fabricada en pell de dues textures, a joc amb el model Ona, per\u00f2 de major capacitat que et permetr\u00e0 portar el teu port\u00e0til o les teves coses per a un cap de setmana. Tot queda tancat amb la cremallera. Disposes de 3 butxaques exteriors per a tot el que desitgis tenir a m\u00e0 i a l&#8217;interior dues grans butxaques obertes i una tercera butxaca tancada amb cremallera, un pr\u00e0ctic targeter i una zona per a material d&#8217;escriptura. Tamb\u00e9 tens una tira interior amb mosquet\u00f3 del qual podr\u00e0s penjar f\u00e0cilment les teves claus i trobar-les tan sols estirant d&#8217;ella. Corretja ajustable mitjan\u00e7ant regulador a qualsevol mida el que et permetr\u00e0 poder penjar-lo a l&#8217;espatlla o portar-lo creuat en bandolera.<\/p>\n","protected":false},"excerpt":{"rendered":"<p><em>El m\u00e9s capa\u00e7<\/em> <\/p>\n<p>100% pell bov\u00ed \/ folre 100% cot\u00f3 <br \/>Alt 40 cm x ample 40 cm Di\u00e0metre de base: 25 cm <br \/>9 combinacions: <br \/><a href=\"http:\/\/catsacksbarcelona.eu\/ca\/producte\/bossa-pell-cru-taronja-bandolera-nomad\/\">Orange \/ Cru<\/a> <br \/><a href=\"http:\/\/catsacksbarcelona.eu\/ca\/producte\/bossa-pell-negre-verda-bandolera-nomad\/\">Green \/ Negre<\/a> <br \/><a href=\"http:\/\/catsacksbarcelona.eu\/ca\/producte\/bossa-pell-marron-blava-bandolera-nomad\/\">Blau ocean \/ Caoba<\/a> <br \/><a href=\"http:\/\/catsacksbarcelona.eu\/ca\/producte\/bossa-pell-negre-caqui-bandolera-nomad\/\">Birm\u00e0nia \/ Negre<\/a> <br \/><a href=\"http:\/\/catsacksbarcelona.eu\/ca\/producte\/bossa-pell-cru-ocre-bandolera-nomad\/\">Ocre \/ Cru<\/a> <br \/><a href=\"http:\/\/catsacksbarcelona.eu\/ca\/producte\/bossa-pell-marron-blau-intens-bandolera-nomad\/\">Llapis \/ Caoba<\/a> <br \/><a href=\"http:\/\/catsacksbarcelona.eu\/ca\/producte\/bossa-pell-beix-bandolera-nomad\/\">Taup\u00e9<\/a> <br \/><a href=\"http:\/\/catsacksbarcelona.eu\/ca\/producte\/bossa-pell-marron-bandolera-nomad\/\">Caoba<\/a> <br \/><a href=\"http:\/\/catsacksbarcelona.eu\/ca\/producte\/bossa-pell-negre-bandolera-nomad\/\">Negre<\/a><\/p>\n","protected":false},"featured_media":2240,"comment_status":"open","ping_status":"closed","template":"","meta":[],"product_cat":[119],"product_tag":[134,135,131],"yoast_head":"<!-- This site is optimized with the Yoast SEO plugin v22.6 - https:\/\/yoast.com\/wordpress\/plugins\/seo\/ -->\n<title>Bossa amb cremallera \/ NOMAD Taup\u00e9 - Catsacks Barcelona bosses de pell<\/title>\n<meta name=\"robots\" content=\"index, follow, max-snippet:-1, max-image-preview:large, max-video-preview:-1\" \/>\n<meta property=\"og:locale\" content=\"ca_ES\" \/>\n<meta property=\"og:type\" content=\"article\" \/>\n<meta property=\"og:title\" content=\"Bossa amb cremallera \/ NOMAD Taup\u00e9 - Catsacks Barcelona bosses de pell\" \/>\n<meta property=\"og:description\" content=\"El m\u00e9s capa\u00e7 100% pell bov\u00ed \/ folre 100% cot\u00f3 Alt 40 cm x ample 40 cm Di\u00e0metre de base: 25 cm 9 combinacions: Orange \/ Cru Green \/ Negre Blau ocean \/ Caoba Birm\u00e0nia \/ Negre Ocre \/ Cru Llapis \/ Caoba Taup\u00e9 Caoba Negre\" \/>\n<meta property=\"og:url\" content=\"http:\/\/catsacksbarcelona.eu\/ca\/bossa-pell-beix-bandolera-nomad\/\" \/>\n<meta property=\"og:site_name\" content=\"Catsacks Barcelona bosses de pell\" \/>\n<meta property=\"article:publisher\" content=\"https:\/\/www.facebook.com\/catsacksbarcelona\" \/>\n<meta property=\"article:modified_time\" content=\"2020-10-05T18:35:23+00:00\" \/>\n<meta property=\"og:image\" content=\"http:\/\/catsacksbarcelona.eu\/wp-content\/uploads\/2020\/06\/NOMAD-BEIG-1.jpg\" \/>\n\t<meta property=\"og:image:width\" content=\"1280\" \/>\n\t<meta property=\"og:image:height\" content=\"1588\" \/>\n\t<meta property=\"og:image:type\" content=\"image\/jpeg\" \/>\n<meta name=\"twitter:card\" content=\"summary_large_image\" \/>\n<meta name=\"twitter:label1\" content=\"Temps estimat de lectura\" \/>\n\t<meta name=\"twitter:data1\" content=\"1 minut\" \/>\n<script type=\"application\/ld+json\" class=\"yoast-schema-graph\">{\"@context\":\"https:\/\/schema.org\",\"@graph\":[{\"@type\":\"WebPage\",\"@id\":\"http:\/\/catsacksbarcelona.eu\/ca\/bossa-pell-beix-bandolera-nomad\/\",\"url\":\"http:\/\/catsacksbarcelona.eu\/ca\/bossa-pell-beix-bandolera-nomad\/\",\"name\":\"Bossa amb cremallera \/ NOMAD Taup\u00e9 - Catsacks Barcelona bosses de pell\",\"isPartOf\":{\"@id\":\"https:\/\/catsacksbarcelona.eu\/ca\/#website\"},\"primaryImageOfPage\":{\"@id\":\"http:\/\/catsacksbarcelona.eu\/ca\/bossa-pell-beix-bandolera-nomad\/#primaryimage\"},\"image\":{\"@id\":\"http:\/\/catsacksbarcelona.eu\/ca\/bossa-pell-beix-bandolera-nomad\/#primaryimage\"},\"thumbnailUrl\":\"http:\/\/catsacksbarcelona.eu\/wp-content\/uploads\/2020\/06\/NOMAD-BEIG-1.jpg\",\"datePublished\":\"2015-08-11T20:10:00+00:00\",\"dateModified\":\"2020-10-05T18:35:23+00:00\",\"breadcrumb\":{\"@id\":\"http:\/\/catsacksbarcelona.eu\/ca\/bossa-pell-beix-bandolera-nomad\/#breadcrumb\"},\"inLanguage\":\"ca\",\"potentialAction\":[{\"@type\":\"ReadAction\",\"target\":[\"http:\/\/catsacksbarcelona.eu\/ca\/bossa-pell-beix-bandolera-nomad\/\"]}]},{\"@type\":\"ImageObject\",\"inLanguage\":\"ca\",\"@id\":\"http:\/\/catsacksbarcelona.eu\/ca\/bossa-pell-beix-bandolera-nomad\/#primaryimage\",\"url\":\"http:\/\/catsacksbarcelona.eu\/wp-content\/uploads\/2020\/06\/NOMAD-BEIG-1.jpg\",\"contentUrl\":\"http:\/\/catsacksbarcelona.eu\/wp-content\/uploads\/2020\/06\/NOMAD-BEIG-1.jpg\",\"width\":1280,\"height\":1588},{\"@type\":\"BreadcrumbList\",\"@id\":\"http:\/\/catsacksbarcelona.eu\/ca\/bossa-pell-beix-bandolera-nomad\/#breadcrumb\",\"itemListElement\":[{\"@type\":\"ListItem\",\"position\":1,\"name\":\"Portada\",\"item\":\"https:\/\/catsacksbarcelona.eu\/ca\/\"},{\"@type\":\"ListItem\",\"position\":2,\"name\":\"tienda\",\"item\":\"http:\/\/catsacksbarcelona.eu\/tienda\/\"},{\"@type\":\"ListItem\",\"position\":3,\"name\":\"Bossa amb cremallera \/ NOMAD Taup\u00e9\"}]},{\"@type\":\"WebSite\",\"@id\":\"https:\/\/catsacksbarcelona.eu\/ca\/#website\",\"url\":\"https:\/\/catsacksbarcelona.eu\/ca\/\",\"name\":\"Catsacks Barcelona Bolsos de Piel\",\"description\":\"Bolsos piel de calidad dise&ntilde;ados y confeccionados en Barcelona\",\"publisher\":{\"@id\":\"https:\/\/catsacksbarcelona.eu\/ca\/#organization\"},\"potentialAction\":[{\"@type\":\"SearchAction\",\"target\":{\"@type\":\"EntryPoint\",\"urlTemplate\":\"https:\/\/catsacksbarcelona.eu\/ca\/?s={search_term_string}\"},\"query-input\":\"required name=search_term_string\"}],\"inLanguage\":\"ca\"},{\"@type\":\"Organization\",\"@id\":\"https:\/\/catsacksbarcelona.eu\/ca\/#organization\",\"name\":\"Catsacks Barcelona\",\"url\":\"https:\/\/catsacksbarcelona.eu\/ca\/\",\"logo\":{\"@type\":\"ImageObject\",\"inLanguage\":\"ca\",\"@id\":\"https:\/\/catsacksbarcelona.eu\/ca\/#\/schema\/logo\/image\/\",\"url\":\"http:\/\/catsacksbarcelona.eu\/wp-content\/uploads\/2020\/06\/logo-logo.png\",\"contentUrl\":\"http:\/\/catsacksbarcelona.eu\/wp-content\/uploads\/2020\/06\/logo-logo.png\",\"width\":1200,\"height\":309,\"caption\":\"Catsacks Barcelona\"},\"image\":{\"@id\":\"https:\/\/catsacksbarcelona.eu\/ca\/#\/schema\/logo\/image\/\"},\"sameAs\":[\"https:\/\/www.facebook.com\/catsacksbarcelona\",\"https:\/\/www.instagram.com\/catsacksbarcelona\"]}]}<\/script>\n<!-- \/ Yoast SEO plugin. -->","yoast_head_json":{"title":"Bossa amb cremallera \/ NOMAD Taup\u00e9 - Catsacks Barcelona bosses de pell","robots":{"index":"index","follow":"follow","max-snippet":"max-snippet:-1","max-image-preview":"max-image-preview:large","max-video-preview":"max-video-preview:-1"},"og_locale":"ca_ES","og_type":"article","og_title":"Bossa amb cremallera \/ NOMAD Taup\u00e9 - Catsacks Barcelona bosses de pell","og_description":"El m\u00e9s capa\u00e7 100% pell bov\u00ed \/ folre 100% cot\u00f3 Alt 40 cm x ample 40 cm Di\u00e0metre de base: 25 cm 9 combinacions: Orange \/ Cru Green \/ Negre Blau ocean \/ Caoba Birm\u00e0nia \/ Negre Ocre \/ Cru Llapis \/ Caoba Taup\u00e9 Caoba Negre","og_url":"http:\/\/catsacksbarcelona.eu\/ca\/bossa-pell-beix-bandolera-nomad\/","og_site_name":"Catsacks Barcelona bosses de pell","article_publisher":"https:\/\/www.facebook.com\/catsacksbarcelona","article_modified_time":"2020-10-05T18:35:23+00:00","og_image":[{"width":1280,"height":1588,"url":"http:\/\/catsacksbarcelona.eu\/wp-content\/uploads\/2020\/06\/NOMAD-BEIG-1.jpg","type":"image\/jpeg"}],"twitter_card":"summary_large_image","twitter_misc":{"Temps estimat de lectura":"1 minut"},"schema":{"@context":"https:\/\/schema.org","@graph":[{"@type":"WebPage","@id":"http:\/\/catsacksbarcelona.eu\/ca\/bossa-pell-beix-bandolera-nomad\/","url":"http:\/\/catsacksbarcelona.eu\/ca\/bossa-pell-beix-bandolera-nomad\/","name":"Bossa amb cremallera \/ NOMAD Taup\u00e9 - Catsacks Barcelona bosses de pell","isPartOf":{"@id":"https:\/\/catsacksbarcelona.eu\/ca\/#website"},"primaryImageOfPage":{"@id":"http:\/\/catsacksbarcelona.eu\/ca\/bossa-pell-beix-bandolera-nomad\/#primaryimage"},"image":{"@id":"http:\/\/catsacksbarcelona.eu\/ca\/bossa-pell-beix-bandolera-nomad\/#primaryimage"},"thumbnailUrl":"http:\/\/catsacksbarcelona.eu\/wp-content\/uploads\/2020\/06\/NOMAD-BEIG-1.jpg","datePublished":"2015-08-11T20:10:00+00:00","dateModified":"2020-10-05T18:35:23+00:00","breadcrumb":{"@id":"http:\/\/catsacksbarcelona.eu\/ca\/bossa-pell-beix-bandolera-nomad\/#breadcrumb"},"inLanguage":"ca","potentialAction":[{"@type":"ReadAction","target":["http:\/\/catsacksbarcelona.eu\/ca\/bossa-pell-beix-bandolera-nomad\/"]}]},{"@type":"ImageObject","inLanguage":"ca","@id":"http:\/\/catsacksbarcelona.eu\/ca\/bossa-pell-beix-bandolera-nomad\/#primaryimage","url":"http:\/\/catsacksbarcelona.eu\/wp-content\/uploads\/2020\/06\/NOMAD-BEIG-1.jpg","contentUrl":"http:\/\/catsacksbarcelona.eu\/wp-content\/uploads\/2020\/06\/NOMAD-BEIG-1.jpg","width":1280,"height":1588},{"@type":"BreadcrumbList","@id":"http:\/\/catsacksbarcelona.eu\/ca\/bossa-pell-beix-bandolera-nomad\/#breadcrumb","itemListElement":[{"@type":"ListItem","position":1,"name":"Portada","item":"https:\/\/catsacksbarcelona.eu\/ca\/"},{"@type":"ListItem","position":2,"name":"tienda","item":"http:\/\/catsacksbarcelona.eu\/tienda\/"},{"@type":"ListItem","position":3,"name":"Bossa amb cremallera \/ NOMAD Taup\u00e9"}]},{"@type":"WebSite","@id":"https:\/\/catsacksbarcelona.eu\/ca\/#website","url":"https:\/\/catsacksbarcelona.eu\/ca\/","name":"Catsacks Barcelona Bolsos de Piel","description":"Bolsos piel de calidad dise&ntilde;ados y confeccionados en Barcelona","publisher":{"@id":"https:\/\/catsacksbarcelona.eu\/ca\/#organization"},"potentialAction":[{"@type":"SearchAction","target":{"@type":"EntryPoint","urlTemplate":"https:\/\/catsacksbarcelona.eu\/ca\/?s={search_term_string}"},"query-input":"required name=search_term_string"}],"inLanguage":"ca"},{"@type":"Organization","@id":"https:\/\/catsacksbarcelona.eu\/ca\/#organization","name":"Catsacks Barcelona","url":"https:\/\/catsacksbarcelona.eu\/ca\/","logo":{"@type":"ImageObject","inLanguage":"ca","@id":"https:\/\/catsacksbarcelona.eu\/ca\/#\/schema\/logo\/image\/","url":"http:\/\/catsacksbarcelona.eu\/wp-content\/uploads\/2020\/06\/logo-logo.png","contentUrl":"http:\/\/catsacksbarcelona.eu\/wp-content\/uploads\/2020\/06\/logo-logo.png","width":1200,"height":309,"caption":"Catsacks Barcelona"},"image":{"@id":"https:\/\/catsacksbarcelona.eu\/ca\/#\/schema\/logo\/image\/"},"sameAs":["https:\/\/www.facebook.com\/catsacksbarcelona","https:\/\/www.instagram.com\/catsacksbarcelona"]}]}},"_links":{"self":[{"href":"http:\/\/catsacksbarcelona.eu\/ca\/wp-json\/wp\/v2\/product\/4054"}],"collection":[{"href":"http:\/\/catsacksbarcelona.eu\/ca\/wp-json\/wp\/v2\/product"}],"about":[{"href":"http:\/\/catsacksbarcelona.eu\/ca\/wp-json\/wp\/v2\/types\/product"}],"replies":[{"embeddable":true,"href":"http:\/\/catsacksbarcelona.eu\/ca\/wp-json\/wp\/v2\/comments?post=4054"}],"wp:featuredmedia":[{"embeddable":true,"href":"http:\/\/catsacksbarcelona.eu\/ca\/wp-json\/wp\/v2\/media\/2240"}],"wp:attachment":[{"href":"http:\/\/catsacksbarcelona.eu\/ca\/wp-json\/wp\/v2\/media?parent=4054"}],"wp:term":[{"taxonomy":"product_cat","embeddable":true,"href":"http:\/\/catsacksbarcelona.eu\/ca\/wp-json\/wp\/v2\/product_cat?post=4054"},{"taxonomy":"product_tag","embeddable":true,"href":"http:\/\/catsacksbarcelona.eu\/ca\/wp-json\/wp\/v2\/product_tag?post=4054"}],"curies":[{"name":"wp","href":"https:\/\/api.w.org\/{rel}","templated":true}]}}