{"id":4062,"date":"2020-06-08T20:30:23","date_gmt":"2020-06-08T18:30:23","guid":{"rendered":"http:\/\/catsacksbarcelona.eu\/producto\/motxilla-amb-cremallera-olivia-plata-vella\/"},"modified":"2020-10-06T14:28:55","modified_gmt":"2020-10-06T12:28:55","slug":"motxilla-pell-cremallera-plata-vella-olivia","status":"publish","type":"product","link":"http:\/\/catsacksbarcelona.eu\/ca\/motxilla-pell-cremallera-plata-vella-olivia\/","title":{"rendered":"Motxilla de pell amb cremallera \/ OLIVIA Plata vella"},"content":{"rendered":"<p>Motxilla fabricada en pell amb gran espai interior i amb capacitat per a contenir un port\u00e0til de 15 polzades. Amb dues grans butxaques obertes i una tercera butxaca tancada amb cremallera, un pr\u00e0ctic targeter i una zona per a material d&#8217;escriptura. Tamb\u00e9 tens una tira interior amb mosquet\u00f3 del qual podr\u00e0s penjar f\u00e0cilment les teves claus i trobar-les tan sols estirant d&#8217;ella.<br \/>\nDisposes de 2 butxaques exteriors amb solapa i cremallera en el davanter, aix\u00ed com un petit mosquet\u00f3 del qual penjar el que desitgis. La segona es troba en el dors de la motxilla i la pots tancar mitjan\u00e7ant un imant. Les nanses tenen tires graduables per a adaptar-la a la teva mida.<br \/>\nTamb\u00e9 podr\u00e0s portar-ho a la m\u00e0 gr\u00e0cies a la nansa que incorpora.<\/p>\n","protected":false},"excerpt":{"rendered":"<p><em>Els teus imprescindibles<\/em><\/p>\n<p>100% pell bov\u00ed \/ folre 100% cot\u00f3<br \/>Mesures: Alt 40 x ample 33 cm<br \/>Gruixut 5 cm<br \/>Gran espai interior amb capacitat per a contenir un port\u00e0til de 15 polzades<br \/>7 combinacions amb detall viu a les butxaques exteriors:<br \/><a href=\"http:\/\/catsacksbarcelona.eu\/ca\/motxilla-pell-cremallera-tomato-olivia\" data-mce-href=\"http:\/\/catsacksbarcelona.eu\/ca\/motxilla-pell-cremallera-tomato-olivia\">Tomato \/ Negre<\/a><br \/><a href=\"http:\/\/catsacksbarcelona.eu\/ca\/motxilla-pell-cremallera-mandarina-caoba-olivia\" data-mce-href=\"http:\/\/catsacksbarcelona.eu\/ca\/motxilla-pell-cremallera-mandarina-caoba-olivia\">Mandarina \/ Caoba<\/a><br \/><a href=\"http:\/\/catsacksbarcelona.eu\/ca\/motxilla-pell-cremallera-coure-olivia\" data-mce-href=\"http:\/\/catsacksbarcelona.eu\/ca\/motxilla-pell-cremallera-coure-olivia\">Coure \/ Negre<\/a><br \/><a href=\"http:\/\/catsacksbarcelona.eu\/ca\/motxilla-pell-cremallera-blau-olivia\" data-mce-href=\"http:\/\/catsacksbarcelona.eu\/ca\/motxilla-pell-cremallera-blau-olivia\">Blau \/ Negre<\/a><br \/><a href=\"http:\/\/catsacksbarcelona.eu\/ca\/motxilla-pell-cremallera-blanca-olivia\" data-mce-href=\"http:\/\/catsacksbarcelona.eu\/ca\/motxilla-pell-cremallera-blanca-olivia\">Blanc \/ Negre<\/a><br \/><a href=\"http:\/\/catsacksbarcelona.eu\/ca\/motxilla-pell-cremallera-plata-brillant-olivia\" data-mce-href=\"http:\/\/catsacksbarcelona.eu\/ca\/motxilla-pell-cremallera-plata-brillant-olivia\">Plata Brillant \/ Negre<\/a><br \/><a href=\"http:\/\/catsacksbarcelona.eu\/ca\/motxilla-pell-cremallera-plata-vella-olivia\" data-mce-href=\"http:\/\/catsacksbarcelona.eu\/ca\/motxilla-pell-cremallera-plata-vella-olivia\">Plata vella \/ Negre<\/a><\/p>\n","protected":false},"featured_media":2485,"comment_status":"open","ping_status":"closed","template":"","meta":[],"product_cat":[120],"product_tag":[131],"yoast_head":"<!-- This site is optimized with the Yoast SEO plugin v22.6 - https:\/\/yoast.com\/wordpress\/plugins\/seo\/ -->\n<title>Motxilla de pell amb cremallera \/ OLIVIA Plata vella - Catsacks Barcelona bosses de pell<\/title>\n<meta name=\"robots\" content=\"index, follow, max-snippet:-1, max-image-preview:large, max-video-preview:-1\" \/>\n<meta property=\"og:locale\" content=\"ca_ES\" \/>\n<meta property=\"og:type\" content=\"article\" \/>\n<meta property=\"og:title\" content=\"Motxilla de pell amb cremallera \/ OLIVIA Plata vella - Catsacks Barcelona bosses de pell\" \/>\n<meta property=\"og:description\" content=\"Els teus imprescindibles100% pell bov\u00ed \/ folre 100% cot\u00f3Mesures: Alt 40 x ample 33 cmGruixut 5 cmGran espai interior amb capacitat per a contenir un port\u00e0til de 15 polzades7 combinacions amb detall viu a les butxaques exteriors:Tomato \/ NegreMandarina \/ CaobaCoure \/ NegreBlau \/ NegreBlanc \/ NegrePlata Brillant \/ NegrePlata vella \/ Negre\" \/>\n<meta property=\"og:url\" content=\"http:\/\/catsacksbarcelona.eu\/ca\/motxilla-pell-cremallera-plata-vella-olivia\/\" \/>\n<meta property=\"og:site_name\" content=\"Catsacks Barcelona bosses de pell\" \/>\n<meta property=\"article:publisher\" content=\"https:\/\/www.facebook.com\/catsacksbarcelona\" \/>\n<meta property=\"article:modified_time\" content=\"2020-10-06T12:28:55+00:00\" \/>\n<meta property=\"og:image\" content=\"http:\/\/catsacksbarcelona.eu\/wp-content\/uploads\/2020\/06\/OLIVIA-PLATA-VIEJA-2.jpg\" \/>\n\t<meta property=\"og:image:width\" content=\"1280\" \/>\n\t<meta property=\"og:image:height\" content=\"1588\" \/>\n\t<meta property=\"og:image:type\" content=\"image\/jpeg\" \/>\n<meta name=\"twitter:card\" content=\"summary_large_image\" \/>\n<meta name=\"twitter:label1\" content=\"Temps estimat de lectura\" \/>\n\t<meta name=\"twitter:data1\" content=\"1 minut\" \/>\n<script type=\"application\/ld+json\" class=\"yoast-schema-graph\">{\"@context\":\"https:\/\/schema.org\",\"@graph\":[{\"@type\":\"WebPage\",\"@id\":\"http:\/\/catsacksbarcelona.eu\/ca\/motxilla-pell-cremallera-plata-vella-olivia\/\",\"url\":\"http:\/\/catsacksbarcelona.eu\/ca\/motxilla-pell-cremallera-plata-vella-olivia\/\",\"name\":\"Motxilla de pell amb cremallera \/ OLIVIA Plata vella - Catsacks Barcelona bosses de pell\",\"isPartOf\":{\"@id\":\"https:\/\/catsacksbarcelona.eu\/ca\/#website\"},\"primaryImageOfPage\":{\"@id\":\"http:\/\/catsacksbarcelona.eu\/ca\/motxilla-pell-cremallera-plata-vella-olivia\/#primaryimage\"},\"image\":{\"@id\":\"http:\/\/catsacksbarcelona.eu\/ca\/motxilla-pell-cremallera-plata-vella-olivia\/#primaryimage\"},\"thumbnailUrl\":\"http:\/\/catsacksbarcelona.eu\/wp-content\/uploads\/2020\/06\/OLIVIA-PLATA-VIEJA-2.jpg\",\"datePublished\":\"2020-06-08T18:30:23+00:00\",\"dateModified\":\"2020-10-06T12:28:55+00:00\",\"breadcrumb\":{\"@id\":\"http:\/\/catsacksbarcelona.eu\/ca\/motxilla-pell-cremallera-plata-vella-olivia\/#breadcrumb\"},\"inLanguage\":\"ca\",\"potentialAction\":[{\"@type\":\"ReadAction\",\"target\":[\"http:\/\/catsacksbarcelona.eu\/ca\/motxilla-pell-cremallera-plata-vella-olivia\/\"]}]},{\"@type\":\"ImageObject\",\"inLanguage\":\"ca\",\"@id\":\"http:\/\/catsacksbarcelona.eu\/ca\/motxilla-pell-cremallera-plata-vella-olivia\/#primaryimage\",\"url\":\"http:\/\/catsacksbarcelona.eu\/wp-content\/uploads\/2020\/06\/OLIVIA-PLATA-VIEJA-2.jpg\",\"contentUrl\":\"http:\/\/catsacksbarcelona.eu\/wp-content\/uploads\/2020\/06\/OLIVIA-PLATA-VIEJA-2.jpg\",\"width\":1280,\"height\":1588,\"caption\":\"mochila piel plata vieja\"},{\"@type\":\"BreadcrumbList\",\"@id\":\"http:\/\/catsacksbarcelona.eu\/ca\/motxilla-pell-cremallera-plata-vella-olivia\/#breadcrumb\",\"itemListElement\":[{\"@type\":\"ListItem\",\"position\":1,\"name\":\"Portada\",\"item\":\"https:\/\/catsacksbarcelona.eu\/ca\/\"},{\"@type\":\"ListItem\",\"position\":2,\"name\":\"tienda\",\"item\":\"http:\/\/catsacksbarcelona.eu\/tienda\/\"},{\"@type\":\"ListItem\",\"position\":3,\"name\":\"Motxilla de pell amb cremallera \/ OLIVIA Plata vella\"}]},{\"@type\":\"WebSite\",\"@id\":\"https:\/\/catsacksbarcelona.eu\/ca\/#website\",\"url\":\"https:\/\/catsacksbarcelona.eu\/ca\/\",\"name\":\"Catsacks Barcelona Bolsos de Piel\",\"description\":\"Bolsos piel de calidad dise&ntilde;ados y confeccionados en Barcelona\",\"publisher\":{\"@id\":\"https:\/\/catsacksbarcelona.eu\/ca\/#organization\"},\"potentialAction\":[{\"@type\":\"SearchAction\",\"target\":{\"@type\":\"EntryPoint\",\"urlTemplate\":\"https:\/\/catsacksbarcelona.eu\/ca\/?s={search_term_string}\"},\"query-input\":\"required name=search_term_string\"}],\"inLanguage\":\"ca\"},{\"@type\":\"Organization\",\"@id\":\"https:\/\/catsacksbarcelona.eu\/ca\/#organization\",\"name\":\"Catsacks Barcelona\",\"url\":\"https:\/\/catsacksbarcelona.eu\/ca\/\",\"logo\":{\"@type\":\"ImageObject\",\"inLanguage\":\"ca\",\"@id\":\"https:\/\/catsacksbarcelona.eu\/ca\/#\/schema\/logo\/image\/\",\"url\":\"http:\/\/catsacksbarcelona.eu\/wp-content\/uploads\/2020\/06\/logo-logo.png\",\"contentUrl\":\"http:\/\/catsacksbarcelona.eu\/wp-content\/uploads\/2020\/06\/logo-logo.png\",\"width\":1200,\"height\":309,\"caption\":\"Catsacks Barcelona\"},\"image\":{\"@id\":\"https:\/\/catsacksbarcelona.eu\/ca\/#\/schema\/logo\/image\/\"},\"sameAs\":[\"https:\/\/www.facebook.com\/catsacksbarcelona\",\"https:\/\/www.instagram.com\/catsacksbarcelona\"]}]}<\/script>\n<!-- \/ Yoast SEO plugin. -->","yoast_head_json":{"title":"Motxilla de pell amb cremallera \/ OLIVIA Plata vella - Catsacks Barcelona bosses de pell","robots":{"index":"index","follow":"follow","max-snippet":"max-snippet:-1","max-image-preview":"max-image-preview:large","max-video-preview":"max-video-preview:-1"},"og_locale":"ca_ES","og_type":"article","og_title":"Motxilla de pell amb cremallera \/ OLIVIA Plata vella - Catsacks Barcelona bosses de pell","og_description":"Els teus imprescindibles100% pell bov\u00ed \/ folre 100% cot\u00f3Mesures: Alt 40 x ample 33 cmGruixut 5 cmGran espai interior amb capacitat per a contenir un port\u00e0til de 15 polzades7 combinacions amb detall viu a les butxaques exteriors:Tomato \/ NegreMandarina \/ CaobaCoure \/ NegreBlau \/ NegreBlanc \/ NegrePlata Brillant \/ NegrePlata vella \/ Negre","og_url":"http:\/\/catsacksbarcelona.eu\/ca\/motxilla-pell-cremallera-plata-vella-olivia\/","og_site_name":"Catsacks Barcelona bosses de pell","article_publisher":"https:\/\/www.facebook.com\/catsacksbarcelona","article_modified_time":"2020-10-06T12:28:55+00:00","og_image":[{"width":1280,"height":1588,"url":"http:\/\/catsacksbarcelona.eu\/wp-content\/uploads\/2020\/06\/OLIVIA-PLATA-VIEJA-2.jpg","type":"image\/jpeg"}],"twitter_card":"summary_large_image","twitter_misc":{"Temps estimat de lectura":"1 minut"},"schema":{"@context":"https:\/\/schema.org","@graph":[{"@type":"WebPage","@id":"http:\/\/catsacksbarcelona.eu\/ca\/motxilla-pell-cremallera-plata-vella-olivia\/","url":"http:\/\/catsacksbarcelona.eu\/ca\/motxilla-pell-cremallera-plata-vella-olivia\/","name":"Motxilla de pell amb cremallera \/ OLIVIA Plata vella - Catsacks Barcelona bosses de pell","isPartOf":{"@id":"https:\/\/catsacksbarcelona.eu\/ca\/#website"},"primaryImageOfPage":{"@id":"http:\/\/catsacksbarcelona.eu\/ca\/motxilla-pell-cremallera-plata-vella-olivia\/#primaryimage"},"image":{"@id":"http:\/\/catsacksbarcelona.eu\/ca\/motxilla-pell-cremallera-plata-vella-olivia\/#primaryimage"},"thumbnailUrl":"http:\/\/catsacksbarcelona.eu\/wp-content\/uploads\/2020\/06\/OLIVIA-PLATA-VIEJA-2.jpg","datePublished":"2020-06-08T18:30:23+00:00","dateModified":"2020-10-06T12:28:55+00:00","breadcrumb":{"@id":"http:\/\/catsacksbarcelona.eu\/ca\/motxilla-pell-cremallera-plata-vella-olivia\/#breadcrumb"},"inLanguage":"ca","potentialAction":[{"@type":"ReadAction","target":["http:\/\/catsacksbarcelona.eu\/ca\/motxilla-pell-cremallera-plata-vella-olivia\/"]}]},{"@type":"ImageObject","inLanguage":"ca","@id":"http:\/\/catsacksbarcelona.eu\/ca\/motxilla-pell-cremallera-plata-vella-olivia\/#primaryimage","url":"http:\/\/catsacksbarcelona.eu\/wp-content\/uploads\/2020\/06\/OLIVIA-PLATA-VIEJA-2.jpg","contentUrl":"http:\/\/catsacksbarcelona.eu\/wp-content\/uploads\/2020\/06\/OLIVIA-PLATA-VIEJA-2.jpg","width":1280,"height":1588,"caption":"mochila piel plata vieja"},{"@type":"BreadcrumbList","@id":"http:\/\/catsacksbarcelona.eu\/ca\/motxilla-pell-cremallera-plata-vella-olivia\/#breadcrumb","itemListElement":[{"@type":"ListItem","position":1,"name":"Portada","item":"https:\/\/catsacksbarcelona.eu\/ca\/"},{"@type":"ListItem","position":2,"name":"tienda","item":"http:\/\/catsacksbarcelona.eu\/tienda\/"},{"@type":"ListItem","position":3,"name":"Motxilla de pell amb cremallera \/ OLIVIA Plata vella"}]},{"@type":"WebSite","@id":"https:\/\/catsacksbarcelona.eu\/ca\/#website","url":"https:\/\/catsacksbarcelona.eu\/ca\/","name":"Catsacks Barcelona Bolsos de Piel","description":"Bolsos piel de calidad dise&ntilde;ados y confeccionados en Barcelona","publisher":{"@id":"https:\/\/catsacksbarcelona.eu\/ca\/#organization"},"potentialAction":[{"@type":"SearchAction","target":{"@type":"EntryPoint","urlTemplate":"https:\/\/catsacksbarcelona.eu\/ca\/?s={search_term_string}"},"query-input":"required name=search_term_string"}],"inLanguage":"ca"},{"@type":"Organization","@id":"https:\/\/catsacksbarcelona.eu\/ca\/#organization","name":"Catsacks Barcelona","url":"https:\/\/catsacksbarcelona.eu\/ca\/","logo":{"@type":"ImageObject","inLanguage":"ca","@id":"https:\/\/catsacksbarcelona.eu\/ca\/#\/schema\/logo\/image\/","url":"http:\/\/catsacksbarcelona.eu\/wp-content\/uploads\/2020\/06\/logo-logo.png","contentUrl":"http:\/\/catsacksbarcelona.eu\/wp-content\/uploads\/2020\/06\/logo-logo.png","width":1200,"height":309,"caption":"Catsacks Barcelona"},"image":{"@id":"https:\/\/catsacksbarcelona.eu\/ca\/#\/schema\/logo\/image\/"},"sameAs":["https:\/\/www.facebook.com\/catsacksbarcelona","https:\/\/www.instagram.com\/catsacksbarcelona"]}]}},"_links":{"self":[{"href":"http:\/\/catsacksbarcelona.eu\/ca\/wp-json\/wp\/v2\/product\/4062"}],"collection":[{"href":"http:\/\/catsacksbarcelona.eu\/ca\/wp-json\/wp\/v2\/product"}],"about":[{"href":"http:\/\/catsacksbarcelona.eu\/ca\/wp-json\/wp\/v2\/types\/product"}],"replies":[{"embeddable":true,"href":"http:\/\/catsacksbarcelona.eu\/ca\/wp-json\/wp\/v2\/comments?post=4062"}],"wp:featuredmedia":[{"embeddable":true,"href":"http:\/\/catsacksbarcelona.eu\/ca\/wp-json\/wp\/v2\/media\/2485"}],"wp:attachment":[{"href":"http:\/\/catsacksbarcelona.eu\/ca\/wp-json\/wp\/v2\/media?parent=4062"}],"wp:term":[{"taxonomy":"product_cat","embeddable":true,"href":"http:\/\/catsacksbarcelona.eu\/ca\/wp-json\/wp\/v2\/product_cat?post=4062"},{"taxonomy":"product_tag","embeddable":true,"href":"http:\/\/catsacksbarcelona.eu\/ca\/wp-json\/wp\/v2\/product_tag?post=4062"}],"curies":[{"name":"wp","href":"https:\/\/api.w.org\/{rel}","templated":true}]}}