{"id":4082,"date":"2020-06-09T09:15:05","date_gmt":"2020-06-09T07:15:05","guid":{"rendered":"http:\/\/catsacksbarcelona.eu\/producto\/cartera-sabana-guinda\/"},"modified":"2020-10-05T14:01:21","modified_gmt":"2020-10-05T12:01:21","slug":"cartera-pell-negre-granada-sabana","status":"publish","type":"product","link":"http:\/\/catsacksbarcelona.eu\/ca\/cartera-pell-negre-granada-sabana\/","title":{"rendered":"Cartera \/ SABANA Guinda"},"content":{"rendered":"<p>Cartera fabricada en pell de dues textures, amb un gran espai interior on portar-hi el teu port\u00e0til de 17 polzades.<br \/>\nAmb dues grans butxaques obertes i una tercera butxaca tancada amb cremallera, un pr\u00e0ctic targeter i una zona per a material d&#8217;escriptura.<br \/>\nTamb\u00e9 tens una tira interior amb mosquet\u00f3 del qual podr\u00e0s penjar f\u00e0cilment les teves claus i trobar-les tan sols estirant d&#8217;ella.<br \/>\nDisposa d&#8217;una butxaca exterior davantera tancada amb cremallera i un altre gran butxaca posterior tancada amb imant on col\u00b7locar les teves coses personals i una altra butxaca oberta al dors on transportar els teus papers de feina.<br \/>\nPodr\u00e0s portar-lo a la m\u00e0 gr\u00e0cies a les nanses, o penjar-te\u2019l en bandolera amb la nansa graduable que incorpora.<\/p>\n","protected":false},"excerpt":{"rendered":"<p><em>El teu company diari<\/em> 100% pell bov\u00ed \/ folre 100% cot\u00f3 Mesures: Alt 32 x ample 42 (en la boca) x 44 cm (base) Gruix 10 cm Gran espai interior amb capacitat per a contenir un port\u00e0til de 15 polzades 3 combinacions amb detall viu a les butxaques exteriors:\u00a0<br \/><a href=\"http:\/\/catsacksbarcelona.eu\/ca\/producte\/cartera-pell-marron-beix-sabana\">Taup\u00e9 \/ Caoba<\/a> <br \/><a href=\"http:\/\/catsacksbarcelona.eu\/ca\/producte\/cartera-pell-negre-granada-sabana\">Guinda \/ Negre<\/a> <br \/><a href=\"http:\/\/catsacksbarcelona.eu\/ca\/producte\/cartera-pell-negre-avana-sabana\">Avana \/ Negre<\/a><\/p>\n","protected":false},"featured_media":3933,"comment_status":"open","ping_status":"closed","template":"","meta":[],"product_cat":[122],"product_tag":[131],"yoast_head":"<!-- This site is optimized with the Yoast SEO plugin v22.6 - https:\/\/yoast.com\/wordpress\/plugins\/seo\/ -->\n<title>Cartera \/ SABANA Guinda - Catsacks Barcelona bosses de pell<\/title>\n<meta name=\"robots\" content=\"index, follow, max-snippet:-1, max-image-preview:large, max-video-preview:-1\" \/>\n<meta property=\"og:locale\" content=\"ca_ES\" \/>\n<meta property=\"og:type\" content=\"article\" \/>\n<meta property=\"og:title\" content=\"Cartera \/ SABANA Guinda - Catsacks Barcelona bosses de pell\" \/>\n<meta property=\"og:description\" content=\"El teu company diari 100% pell bov\u00ed \/ folre 100% cot\u00f3 Mesures: Alt 32 x ample 42 (en la boca) x 44 cm (base) Gruix 10 cm Gran espai interior amb capacitat per a contenir un port\u00e0til de 15 polzades 3 combinacions amb detall viu a les butxaques exteriors:\u00a0Taup\u00e9 \/ Caoba Guinda \/ Negre Avana \/ Negre\" \/>\n<meta property=\"og:url\" content=\"http:\/\/catsacksbarcelona.eu\/ca\/cartera-pell-negre-granada-sabana\/\" \/>\n<meta property=\"og:site_name\" content=\"Catsacks Barcelona bosses de pell\" \/>\n<meta property=\"article:publisher\" content=\"https:\/\/www.facebook.com\/catsacksbarcelona\" \/>\n<meta property=\"article:modified_time\" content=\"2020-10-05T12:01:21+00:00\" \/>\n<meta property=\"og:image\" content=\"https:\/\/catsacksbarcelona.eu\/wp-content\/uploads\/2020\/06\/SABANA-NEGRO-GUINDA-1.jpg\" \/>\n\t<meta property=\"og:image:width\" content=\"1280\" \/>\n\t<meta property=\"og:image:height\" content=\"1588\" \/>\n\t<meta property=\"og:image:type\" content=\"image\/jpeg\" \/>\n<meta name=\"twitter:card\" content=\"summary_large_image\" \/>\n<meta name=\"twitter:label1\" content=\"Temps estimat de lectura\" \/>\n\t<meta name=\"twitter:data1\" content=\"1 minut\" \/>\n<script type=\"application\/ld+json\" class=\"yoast-schema-graph\">{\"@context\":\"https:\/\/schema.org\",\"@graph\":[{\"@type\":\"WebPage\",\"@id\":\"http:\/\/catsacksbarcelona.eu\/ca\/cartera-pell-negre-granada-sabana\/\",\"url\":\"http:\/\/catsacksbarcelona.eu\/ca\/cartera-pell-negre-granada-sabana\/\",\"name\":\"Cartera \/ SABANA Guinda - Catsacks Barcelona bosses de pell\",\"isPartOf\":{\"@id\":\"http:\/\/catsacksbarcelona.eu\/ca\/#website\"},\"primaryImageOfPage\":{\"@id\":\"http:\/\/catsacksbarcelona.eu\/ca\/cartera-pell-negre-granada-sabana\/#primaryimage\"},\"image\":{\"@id\":\"http:\/\/catsacksbarcelona.eu\/ca\/cartera-pell-negre-granada-sabana\/#primaryimage\"},\"thumbnailUrl\":\"http:\/\/catsacksbarcelona.eu\/wp-content\/uploads\/2020\/06\/SABANA-NEGRO-GUINDA-1.jpg\",\"datePublished\":\"2020-06-09T07:15:05+00:00\",\"dateModified\":\"2020-10-05T12:01:21+00:00\",\"breadcrumb\":{\"@id\":\"http:\/\/catsacksbarcelona.eu\/ca\/cartera-pell-negre-granada-sabana\/#breadcrumb\"},\"inLanguage\":\"ca\",\"potentialAction\":[{\"@type\":\"ReadAction\",\"target\":[\"http:\/\/catsacksbarcelona.eu\/ca\/cartera-pell-negre-granada-sabana\/\"]}]},{\"@type\":\"ImageObject\",\"inLanguage\":\"ca\",\"@id\":\"http:\/\/catsacksbarcelona.eu\/ca\/cartera-pell-negre-granada-sabana\/#primaryimage\",\"url\":\"http:\/\/catsacksbarcelona.eu\/wp-content\/uploads\/2020\/06\/SABANA-NEGRO-GUINDA-1.jpg\",\"contentUrl\":\"http:\/\/catsacksbarcelona.eu\/wp-content\/uploads\/2020\/06\/SABANA-NEGRO-GUINDA-1.jpg\",\"width\":1280,\"height\":1588,\"caption\":\"bolso tote piel negro\"},{\"@type\":\"BreadcrumbList\",\"@id\":\"http:\/\/catsacksbarcelona.eu\/ca\/cartera-pell-negre-granada-sabana\/#breadcrumb\",\"itemListElement\":[{\"@type\":\"ListItem\",\"position\":1,\"name\":\"Portada\",\"item\":\"https:\/\/catsacksbarcelona.eu\/ca\/\"},{\"@type\":\"ListItem\",\"position\":2,\"name\":\"tienda\",\"item\":\"http:\/\/catsacksbarcelona.eu\/tienda\/\"},{\"@type\":\"ListItem\",\"position\":3,\"name\":\"Cartera \/ SABANA Guinda\"}]},{\"@type\":\"WebSite\",\"@id\":\"http:\/\/catsacksbarcelona.eu\/ca\/#website\",\"url\":\"http:\/\/catsacksbarcelona.eu\/ca\/\",\"name\":\"Catsacks Barcelona Bolsos de Piel\",\"description\":\"Bolsos piel de calidad dise&ntilde;ados y confeccionados en Barcelona\",\"publisher\":{\"@id\":\"http:\/\/catsacksbarcelona.eu\/ca\/#organization\"},\"potentialAction\":[{\"@type\":\"SearchAction\",\"target\":{\"@type\":\"EntryPoint\",\"urlTemplate\":\"http:\/\/catsacksbarcelona.eu\/ca\/?s={search_term_string}\"},\"query-input\":\"required name=search_term_string\"}],\"inLanguage\":\"ca\"},{\"@type\":\"Organization\",\"@id\":\"http:\/\/catsacksbarcelona.eu\/ca\/#organization\",\"name\":\"Catsacks Barcelona\",\"url\":\"http:\/\/catsacksbarcelona.eu\/ca\/\",\"logo\":{\"@type\":\"ImageObject\",\"inLanguage\":\"ca\",\"@id\":\"http:\/\/catsacksbarcelona.eu\/ca\/#\/schema\/logo\/image\/\",\"url\":\"http:\/\/catsacksbarcelona.eu\/wp-content\/uploads\/2020\/06\/logo-logo.png\",\"contentUrl\":\"http:\/\/catsacksbarcelona.eu\/wp-content\/uploads\/2020\/06\/logo-logo.png\",\"width\":1200,\"height\":309,\"caption\":\"Catsacks Barcelona\"},\"image\":{\"@id\":\"http:\/\/catsacksbarcelona.eu\/ca\/#\/schema\/logo\/image\/\"},\"sameAs\":[\"https:\/\/www.facebook.com\/catsacksbarcelona\",\"https:\/\/www.instagram.com\/catsacksbarcelona\"]}]}<\/script>\n<!-- \/ Yoast SEO plugin. -->","yoast_head_json":{"title":"Cartera \/ SABANA Guinda - Catsacks Barcelona bosses de pell","robots":{"index":"index","follow":"follow","max-snippet":"max-snippet:-1","max-image-preview":"max-image-preview:large","max-video-preview":"max-video-preview:-1"},"og_locale":"ca_ES","og_type":"article","og_title":"Cartera \/ SABANA Guinda - Catsacks Barcelona bosses de pell","og_description":"El teu company diari 100% pell bov\u00ed \/ folre 100% cot\u00f3 Mesures: Alt 32 x ample 42 (en la boca) x 44 cm (base) Gruix 10 cm Gran espai interior amb capacitat per a contenir un port\u00e0til de 15 polzades 3 combinacions amb detall viu a les butxaques exteriors:\u00a0Taup\u00e9 \/ Caoba Guinda \/ Negre Avana \/ Negre","og_url":"http:\/\/catsacksbarcelona.eu\/ca\/cartera-pell-negre-granada-sabana\/","og_site_name":"Catsacks Barcelona bosses de pell","article_publisher":"https:\/\/www.facebook.com\/catsacksbarcelona","article_modified_time":"2020-10-05T12:01:21+00:00","og_image":[{"width":1280,"height":1588,"url":"https:\/\/catsacksbarcelona.eu\/wp-content\/uploads\/2020\/06\/SABANA-NEGRO-GUINDA-1.jpg","type":"image\/jpeg"}],"twitter_card":"summary_large_image","twitter_misc":{"Temps estimat de lectura":"1 minut"},"schema":{"@context":"https:\/\/schema.org","@graph":[{"@type":"WebPage","@id":"http:\/\/catsacksbarcelona.eu\/ca\/cartera-pell-negre-granada-sabana\/","url":"http:\/\/catsacksbarcelona.eu\/ca\/cartera-pell-negre-granada-sabana\/","name":"Cartera \/ SABANA Guinda - Catsacks Barcelona bosses de pell","isPartOf":{"@id":"http:\/\/catsacksbarcelona.eu\/ca\/#website"},"primaryImageOfPage":{"@id":"http:\/\/catsacksbarcelona.eu\/ca\/cartera-pell-negre-granada-sabana\/#primaryimage"},"image":{"@id":"http:\/\/catsacksbarcelona.eu\/ca\/cartera-pell-negre-granada-sabana\/#primaryimage"},"thumbnailUrl":"http:\/\/catsacksbarcelona.eu\/wp-content\/uploads\/2020\/06\/SABANA-NEGRO-GUINDA-1.jpg","datePublished":"2020-06-09T07:15:05+00:00","dateModified":"2020-10-05T12:01:21+00:00","breadcrumb":{"@id":"http:\/\/catsacksbarcelona.eu\/ca\/cartera-pell-negre-granada-sabana\/#breadcrumb"},"inLanguage":"ca","potentialAction":[{"@type":"ReadAction","target":["http:\/\/catsacksbarcelona.eu\/ca\/cartera-pell-negre-granada-sabana\/"]}]},{"@type":"ImageObject","inLanguage":"ca","@id":"http:\/\/catsacksbarcelona.eu\/ca\/cartera-pell-negre-granada-sabana\/#primaryimage","url":"http:\/\/catsacksbarcelona.eu\/wp-content\/uploads\/2020\/06\/SABANA-NEGRO-GUINDA-1.jpg","contentUrl":"http:\/\/catsacksbarcelona.eu\/wp-content\/uploads\/2020\/06\/SABANA-NEGRO-GUINDA-1.jpg","width":1280,"height":1588,"caption":"bolso tote piel negro"},{"@type":"BreadcrumbList","@id":"http:\/\/catsacksbarcelona.eu\/ca\/cartera-pell-negre-granada-sabana\/#breadcrumb","itemListElement":[{"@type":"ListItem","position":1,"name":"Portada","item":"https:\/\/catsacksbarcelona.eu\/ca\/"},{"@type":"ListItem","position":2,"name":"tienda","item":"http:\/\/catsacksbarcelona.eu\/tienda\/"},{"@type":"ListItem","position":3,"name":"Cartera \/ SABANA Guinda"}]},{"@type":"WebSite","@id":"http:\/\/catsacksbarcelona.eu\/ca\/#website","url":"http:\/\/catsacksbarcelona.eu\/ca\/","name":"Catsacks Barcelona Bolsos de Piel","description":"Bolsos piel de calidad dise&ntilde;ados y confeccionados en Barcelona","publisher":{"@id":"http:\/\/catsacksbarcelona.eu\/ca\/#organization"},"potentialAction":[{"@type":"SearchAction","target":{"@type":"EntryPoint","urlTemplate":"http:\/\/catsacksbarcelona.eu\/ca\/?s={search_term_string}"},"query-input":"required name=search_term_string"}],"inLanguage":"ca"},{"@type":"Organization","@id":"http:\/\/catsacksbarcelona.eu\/ca\/#organization","name":"Catsacks Barcelona","url":"http:\/\/catsacksbarcelona.eu\/ca\/","logo":{"@type":"ImageObject","inLanguage":"ca","@id":"http:\/\/catsacksbarcelona.eu\/ca\/#\/schema\/logo\/image\/","url":"http:\/\/catsacksbarcelona.eu\/wp-content\/uploads\/2020\/06\/logo-logo.png","contentUrl":"http:\/\/catsacksbarcelona.eu\/wp-content\/uploads\/2020\/06\/logo-logo.png","width":1200,"height":309,"caption":"Catsacks Barcelona"},"image":{"@id":"http:\/\/catsacksbarcelona.eu\/ca\/#\/schema\/logo\/image\/"},"sameAs":["https:\/\/www.facebook.com\/catsacksbarcelona","https:\/\/www.instagram.com\/catsacksbarcelona"]}]}},"_links":{"self":[{"href":"http:\/\/catsacksbarcelona.eu\/ca\/wp-json\/wp\/v2\/product\/4082"}],"collection":[{"href":"http:\/\/catsacksbarcelona.eu\/ca\/wp-json\/wp\/v2\/product"}],"about":[{"href":"http:\/\/catsacksbarcelona.eu\/ca\/wp-json\/wp\/v2\/types\/product"}],"replies":[{"embeddable":true,"href":"http:\/\/catsacksbarcelona.eu\/ca\/wp-json\/wp\/v2\/comments?post=4082"}],"wp:featuredmedia":[{"embeddable":true,"href":"http:\/\/catsacksbarcelona.eu\/ca\/wp-json\/wp\/v2\/media\/3933"}],"wp:attachment":[{"href":"http:\/\/catsacksbarcelona.eu\/ca\/wp-json\/wp\/v2\/media?parent=4082"}],"wp:term":[{"taxonomy":"product_cat","embeddable":true,"href":"http:\/\/catsacksbarcelona.eu\/ca\/wp-json\/wp\/v2\/product_cat?post=4082"},{"taxonomy":"product_tag","embeddable":true,"href":"http:\/\/catsacksbarcelona.eu\/ca\/wp-json\/wp\/v2\/product_tag?post=4082"}],"curies":[{"name":"wp","href":"https:\/\/api.w.org\/{rel}","templated":true}]}}