{"id":4089,"date":"2020-03-17T16:15:19","date_gmt":"2020-03-17T14:15:19","guid":{"rendered":"http:\/\/catsacksbarcelona.eu\/producto\/bossa-amb-cremallera-twin-blue\/"},"modified":"2020-10-06T14:14:36","modified_gmt":"2020-10-06T12:14:36","slug":"bossa-pell-bandolera-negre-blava-twin","status":"publish","type":"product","link":"http:\/\/catsacksbarcelona.eu\/ca\/bossa-pell-bandolera-negre-blava-twin\/","title":{"rendered":"Bossa de pell bandolera blava col\u00b7lecci\u00f3 TWIN."},"content":{"rendered":"<p>Bossa petita fabricada en pell, amb quatre departaments petits tancats amb cremallera.<br \/>\nDivertit logo puntejat en un dels costats.<br \/>\nReversible, un costat m\u00e9s alegre i metal\u00b7litzat i un altre llis i mat per a moments m\u00e9s seriosos.<br \/>\nDisposa d&#8217;una tira amb sivella graduable per a posar-te\u2019l a la cintura de ronyonera, penjar-ho de l\u2019espatlla o portar-lo en bandolera.<\/p>\n","protected":false},"excerpt":{"rendered":"<p><em>El m\u00e9s divertit<\/em> <\/p>\n<p>100% pell bov\u00ed \/ folre 100% cot\u00f3 <br \/>Di\u00e0metre 22 cm <br \/>6 combinacions: <br \/><a href=\"http:\/\/catsacksbarcelona.eu\/ca\/producte\/bossa-pell-bandolera-negre-silver-twin\/\">Plata metal\u00b7litzat<\/a> <br \/><a href=\"http:\/\/catsacksbarcelona.eu\/ca\/producte\/bossa-pell-bandolera-negre-verd-twin\/\">Verd metal\u00b7litzat<\/a> <br \/><a href=\"http:\/\/catsacksbarcelona.eu\/ca\/producte\/bossa-pell-bandolera-negre-blava-twin\/\">Blau metal\u00b7litzat<\/a> <br \/><a href=\"http:\/\/catsacksbarcelona.eu\/ca\/producte\/bossa-pell-bandolera-negre-coure-twin\/\">Coure metal\u00b7litzat<\/a> <br \/><a href=\"http:\/\/catsacksbarcelona.eu\/ca\/producte\/bossa-pell-bandolera-negre-bronze-twin\/\">Bronze metal\u00b7litzat<\/a> <br \/><a href=\"http:\/\/catsacksbarcelona.eu\/ca\/producte\/bossa-pell-bandolera-negre-violeta-twin\/\">Violeta metal\u00b7litzat<\/a><\/p>\n","protected":false},"featured_media":2425,"comment_status":"open","ping_status":"closed","template":"","meta":[],"product_cat":[124],"product_tag":[131],"yoast_head":"<!-- This site is optimized with the Yoast SEO plugin v22.6 - https:\/\/yoast.com\/wordpress\/plugins\/seo\/ -->\n<title>Bossa de pell bandolera blava col\u00b7lecci\u00f3 TWIN. - Catsacks Barcelona bosses de pell<\/title>\n<meta name=\"robots\" content=\"index, follow, max-snippet:-1, max-image-preview:large, max-video-preview:-1\" \/>\n<meta property=\"og:locale\" content=\"ca_ES\" \/>\n<meta property=\"og:type\" content=\"article\" \/>\n<meta property=\"og:title\" content=\"Bossa de pell bandolera blava col\u00b7lecci\u00f3 TWIN. - Catsacks Barcelona bosses de pell\" \/>\n<meta property=\"og:description\" content=\"El m\u00e9s divertit 100% pell bov\u00ed \/ folre 100% cot\u00f3 Di\u00e0metre 22 cm 6 combinacions: Plata metal\u00b7litzat Verd metal\u00b7litzat Blau metal\u00b7litzat Coure metal\u00b7litzat Bronze metal\u00b7litzat Violeta metal\u00b7litzat\" \/>\n<meta property=\"og:url\" content=\"http:\/\/catsacksbarcelona.eu\/ca\/bossa-pell-bandolera-negre-blava-twin\/\" \/>\n<meta property=\"og:site_name\" content=\"Catsacks Barcelona bosses de pell\" \/>\n<meta property=\"article:publisher\" content=\"https:\/\/www.facebook.com\/catsacksbarcelona\" \/>\n<meta property=\"article:modified_time\" content=\"2020-10-06T12:14:36+00:00\" \/>\n<meta property=\"og:image\" content=\"http:\/\/catsacksbarcelona.eu\/wp-content\/uploads\/2020\/06\/TWIN-BLAU-1.jpg\" \/>\n\t<meta property=\"og:image:width\" content=\"1280\" \/>\n\t<meta property=\"og:image:height\" content=\"1588\" \/>\n\t<meta property=\"og:image:type\" content=\"image\/jpeg\" \/>\n<meta name=\"twitter:card\" content=\"summary_large_image\" \/>\n<script type=\"application\/ld+json\" class=\"yoast-schema-graph\">{\"@context\":\"https:\/\/schema.org\",\"@graph\":[{\"@type\":\"WebPage\",\"@id\":\"http:\/\/catsacksbarcelona.eu\/ca\/bossa-pell-bandolera-negre-blava-twin\/\",\"url\":\"http:\/\/catsacksbarcelona.eu\/ca\/bossa-pell-bandolera-negre-blava-twin\/\",\"name\":\"Bossa de pell bandolera blava col\u00b7lecci\u00f3 TWIN. - Catsacks Barcelona bosses de pell\",\"isPartOf\":{\"@id\":\"http:\/\/catsacksbarcelona.eu\/ca\/#website\"},\"primaryImageOfPage\":{\"@id\":\"http:\/\/catsacksbarcelona.eu\/ca\/bossa-pell-bandolera-negre-blava-twin\/#primaryimage\"},\"image\":{\"@id\":\"http:\/\/catsacksbarcelona.eu\/ca\/bossa-pell-bandolera-negre-blava-twin\/#primaryimage\"},\"thumbnailUrl\":\"http:\/\/catsacksbarcelona.eu\/wp-content\/uploads\/2020\/06\/TWIN-BLAU-1.jpg\",\"datePublished\":\"2020-03-17T14:15:19+00:00\",\"dateModified\":\"2020-10-06T12:14:36+00:00\",\"breadcrumb\":{\"@id\":\"http:\/\/catsacksbarcelona.eu\/ca\/bossa-pell-bandolera-negre-blava-twin\/#breadcrumb\"},\"inLanguage\":\"ca\",\"potentialAction\":[{\"@type\":\"ReadAction\",\"target\":[\"http:\/\/catsacksbarcelona.eu\/ca\/bossa-pell-bandolera-negre-blava-twin\/\"]}]},{\"@type\":\"ImageObject\",\"inLanguage\":\"ca\",\"@id\":\"http:\/\/catsacksbarcelona.eu\/ca\/bossa-pell-bandolera-negre-blava-twin\/#primaryimage\",\"url\":\"http:\/\/catsacksbarcelona.eu\/wp-content\/uploads\/2020\/06\/TWIN-BLAU-1.jpg\",\"contentUrl\":\"http:\/\/catsacksbarcelona.eu\/wp-content\/uploads\/2020\/06\/TWIN-BLAU-1.jpg\",\"width\":1280,\"height\":1588},{\"@type\":\"BreadcrumbList\",\"@id\":\"http:\/\/catsacksbarcelona.eu\/ca\/bossa-pell-bandolera-negre-blava-twin\/#breadcrumb\",\"itemListElement\":[{\"@type\":\"ListItem\",\"position\":1,\"name\":\"Portada\",\"item\":\"https:\/\/catsacksbarcelona.eu\/ca\/\"},{\"@type\":\"ListItem\",\"position\":2,\"name\":\"tienda\",\"item\":\"http:\/\/catsacksbarcelona.eu\/tienda\/\"},{\"@type\":\"ListItem\",\"position\":3,\"name\":\"Bossa de pell bandolera blava col\u00b7lecci\u00f3 TWIN.\"}]},{\"@type\":\"WebSite\",\"@id\":\"http:\/\/catsacksbarcelona.eu\/ca\/#website\",\"url\":\"http:\/\/catsacksbarcelona.eu\/ca\/\",\"name\":\"Catsacks Barcelona Bolsos de Piel\",\"description\":\"Bolsos piel de calidad dise&ntilde;ados y confeccionados en Barcelona\",\"publisher\":{\"@id\":\"http:\/\/catsacksbarcelona.eu\/ca\/#organization\"},\"potentialAction\":[{\"@type\":\"SearchAction\",\"target\":{\"@type\":\"EntryPoint\",\"urlTemplate\":\"http:\/\/catsacksbarcelona.eu\/ca\/?s={search_term_string}\"},\"query-input\":\"required name=search_term_string\"}],\"inLanguage\":\"ca\"},{\"@type\":\"Organization\",\"@id\":\"http:\/\/catsacksbarcelona.eu\/ca\/#organization\",\"name\":\"Catsacks Barcelona\",\"url\":\"http:\/\/catsacksbarcelona.eu\/ca\/\",\"logo\":{\"@type\":\"ImageObject\",\"inLanguage\":\"ca\",\"@id\":\"http:\/\/catsacksbarcelona.eu\/ca\/#\/schema\/logo\/image\/\",\"url\":\"http:\/\/catsacksbarcelona.eu\/wp-content\/uploads\/2020\/06\/logo-logo.png\",\"contentUrl\":\"http:\/\/catsacksbarcelona.eu\/wp-content\/uploads\/2020\/06\/logo-logo.png\",\"width\":1200,\"height\":309,\"caption\":\"Catsacks Barcelona\"},\"image\":{\"@id\":\"http:\/\/catsacksbarcelona.eu\/ca\/#\/schema\/logo\/image\/\"},\"sameAs\":[\"https:\/\/www.facebook.com\/catsacksbarcelona\",\"https:\/\/www.instagram.com\/catsacksbarcelona\"]}]}<\/script>\n<!-- \/ Yoast SEO plugin. -->","yoast_head_json":{"title":"Bossa de pell bandolera blava col\u00b7lecci\u00f3 TWIN. - Catsacks Barcelona bosses de pell","robots":{"index":"index","follow":"follow","max-snippet":"max-snippet:-1","max-image-preview":"max-image-preview:large","max-video-preview":"max-video-preview:-1"},"og_locale":"ca_ES","og_type":"article","og_title":"Bossa de pell bandolera blava col\u00b7lecci\u00f3 TWIN. - Catsacks Barcelona bosses de pell","og_description":"El m\u00e9s divertit 100% pell bov\u00ed \/ folre 100% cot\u00f3 Di\u00e0metre 22 cm 6 combinacions: Plata metal\u00b7litzat Verd metal\u00b7litzat Blau metal\u00b7litzat Coure metal\u00b7litzat Bronze metal\u00b7litzat Violeta metal\u00b7litzat","og_url":"http:\/\/catsacksbarcelona.eu\/ca\/bossa-pell-bandolera-negre-blava-twin\/","og_site_name":"Catsacks Barcelona bosses de pell","article_publisher":"https:\/\/www.facebook.com\/catsacksbarcelona","article_modified_time":"2020-10-06T12:14:36+00:00","og_image":[{"width":1280,"height":1588,"url":"http:\/\/catsacksbarcelona.eu\/wp-content\/uploads\/2020\/06\/TWIN-BLAU-1.jpg","type":"image\/jpeg"}],"twitter_card":"summary_large_image","schema":{"@context":"https:\/\/schema.org","@graph":[{"@type":"WebPage","@id":"http:\/\/catsacksbarcelona.eu\/ca\/bossa-pell-bandolera-negre-blava-twin\/","url":"http:\/\/catsacksbarcelona.eu\/ca\/bossa-pell-bandolera-negre-blava-twin\/","name":"Bossa de pell bandolera blava col\u00b7lecci\u00f3 TWIN. - Catsacks Barcelona bosses de pell","isPartOf":{"@id":"http:\/\/catsacksbarcelona.eu\/ca\/#website"},"primaryImageOfPage":{"@id":"http:\/\/catsacksbarcelona.eu\/ca\/bossa-pell-bandolera-negre-blava-twin\/#primaryimage"},"image":{"@id":"http:\/\/catsacksbarcelona.eu\/ca\/bossa-pell-bandolera-negre-blava-twin\/#primaryimage"},"thumbnailUrl":"http:\/\/catsacksbarcelona.eu\/wp-content\/uploads\/2020\/06\/TWIN-BLAU-1.jpg","datePublished":"2020-03-17T14:15:19+00:00","dateModified":"2020-10-06T12:14:36+00:00","breadcrumb":{"@id":"http:\/\/catsacksbarcelona.eu\/ca\/bossa-pell-bandolera-negre-blava-twin\/#breadcrumb"},"inLanguage":"ca","potentialAction":[{"@type":"ReadAction","target":["http:\/\/catsacksbarcelona.eu\/ca\/bossa-pell-bandolera-negre-blava-twin\/"]}]},{"@type":"ImageObject","inLanguage":"ca","@id":"http:\/\/catsacksbarcelona.eu\/ca\/bossa-pell-bandolera-negre-blava-twin\/#primaryimage","url":"http:\/\/catsacksbarcelona.eu\/wp-content\/uploads\/2020\/06\/TWIN-BLAU-1.jpg","contentUrl":"http:\/\/catsacksbarcelona.eu\/wp-content\/uploads\/2020\/06\/TWIN-BLAU-1.jpg","width":1280,"height":1588},{"@type":"BreadcrumbList","@id":"http:\/\/catsacksbarcelona.eu\/ca\/bossa-pell-bandolera-negre-blava-twin\/#breadcrumb","itemListElement":[{"@type":"ListItem","position":1,"name":"Portada","item":"https:\/\/catsacksbarcelona.eu\/ca\/"},{"@type":"ListItem","position":2,"name":"tienda","item":"http:\/\/catsacksbarcelona.eu\/tienda\/"},{"@type":"ListItem","position":3,"name":"Bossa de pell bandolera blava col\u00b7lecci\u00f3 TWIN."}]},{"@type":"WebSite","@id":"http:\/\/catsacksbarcelona.eu\/ca\/#website","url":"http:\/\/catsacksbarcelona.eu\/ca\/","name":"Catsacks Barcelona Bolsos de Piel","description":"Bolsos piel de calidad dise&ntilde;ados y confeccionados en Barcelona","publisher":{"@id":"http:\/\/catsacksbarcelona.eu\/ca\/#organization"},"potentialAction":[{"@type":"SearchAction","target":{"@type":"EntryPoint","urlTemplate":"http:\/\/catsacksbarcelona.eu\/ca\/?s={search_term_string}"},"query-input":"required name=search_term_string"}],"inLanguage":"ca"},{"@type":"Organization","@id":"http:\/\/catsacksbarcelona.eu\/ca\/#organization","name":"Catsacks Barcelona","url":"http:\/\/catsacksbarcelona.eu\/ca\/","logo":{"@type":"ImageObject","inLanguage":"ca","@id":"http:\/\/catsacksbarcelona.eu\/ca\/#\/schema\/logo\/image\/","url":"http:\/\/catsacksbarcelona.eu\/wp-content\/uploads\/2020\/06\/logo-logo.png","contentUrl":"http:\/\/catsacksbarcelona.eu\/wp-content\/uploads\/2020\/06\/logo-logo.png","width":1200,"height":309,"caption":"Catsacks Barcelona"},"image":{"@id":"http:\/\/catsacksbarcelona.eu\/ca\/#\/schema\/logo\/image\/"},"sameAs":["https:\/\/www.facebook.com\/catsacksbarcelona","https:\/\/www.instagram.com\/catsacksbarcelona"]}]}},"_links":{"self":[{"href":"http:\/\/catsacksbarcelona.eu\/ca\/wp-json\/wp\/v2\/product\/4089"}],"collection":[{"href":"http:\/\/catsacksbarcelona.eu\/ca\/wp-json\/wp\/v2\/product"}],"about":[{"href":"http:\/\/catsacksbarcelona.eu\/ca\/wp-json\/wp\/v2\/types\/product"}],"replies":[{"embeddable":true,"href":"http:\/\/catsacksbarcelona.eu\/ca\/wp-json\/wp\/v2\/comments?post=4089"}],"wp:featuredmedia":[{"embeddable":true,"href":"http:\/\/catsacksbarcelona.eu\/ca\/wp-json\/wp\/v2\/media\/2425"}],"wp:attachment":[{"href":"http:\/\/catsacksbarcelona.eu\/ca\/wp-json\/wp\/v2\/media?parent=4089"}],"wp:term":[{"taxonomy":"product_cat","embeddable":true,"href":"http:\/\/catsacksbarcelona.eu\/ca\/wp-json\/wp\/v2\/product_cat?post=4089"},{"taxonomy":"product_tag","embeddable":true,"href":"http:\/\/catsacksbarcelona.eu\/ca\/wp-json\/wp\/v2\/product_tag?post=4089"}],"curies":[{"name":"wp","href":"https:\/\/api.w.org\/{rel}","templated":true}]}}