{"id":4229,"date":"2020-07-25T10:23:27","date_gmt":"2020-07-25T08:23:27","guid":{"rendered":"http:\/\/catsacksbarcelona.eu\/politica-de-privacitat\/"},"modified":"2020-07-26T21:25:03","modified_gmt":"2020-07-26T19:25:03","slug":"politica-de-privacitat","status":"publish","type":"page","link":"https:\/\/catsacksbarcelona.eu\/ca\/politica-de-privacitat\/","title":{"rendered":"Pol\u00edtica de privacitat"},"content":{"rendered":"<div class=\"wpb-content-wrapper\"><p>[vc_row][vc_column][vc_empty_space][vc_column_text]<\/p>\n<h3>Principis b\u00e0sics<\/h3>\n<p>Gr\u00e0cies pel teu inter\u00e8s en la nostra empresa i els seus productes.<\/p>\n<p>Ens prenem molt seriosament la protecci\u00f3 de les teves dades i ens agradaria que et sentissis a gust quan visitis el nostre lloc web o en utilitzar els nostres productes i continguts digitals. \u2028Protegir la teva privacitat \u00e9s molt important per a CATSACKS S.L., per tant, el compliment de la legislaci\u00f3 vigent sobre protecci\u00f3 de dades \u00e9s una prioritat per a nosaltres.<\/p>\n<p>A continuaci\u00f3, descriurem breument com gestionem les teves dades personals en el context del nostre lloc web, continguts i productes digitals i com protegim aquestes dades.<\/p>\n<h3>1. Responsable d&#8217;aquest lloc web, continguts i productes digitals<\/h3>\n<ul class=\"legtxt2\">\n<li><b>Titular: <\/b>Cuxart Sacks, S.L.<\/li>\n<li><b>Domicili: <\/b>Carrer Montecassino, 2 baixos<\/li>\n<li><b>CP:<\/b> 08006 Barcelona<\/li>\n<li><b>Correu electr\u00f2nic:<\/b>\u2028 <a href=\"mailto:info@catsacks.eu\">info@catsacks.eu<\/a><\/li>\n<li><b>NIF: <\/b>B67608547<\/li>\n<li><b>Registre Mercantil de Barcelona:\u00a0<\/b>tom 47299, secci\u00f3 general, foli 115, full B547772, inscripci\u00f3 1\u00aa.<\/li>\n<\/ul>\n<h3><\/h3>\n<h3>2. Finalitat del tractament de dades personals<\/h3>\n<ol class=\"legtxtt\">\n<li>Enviar informaci\u00f3 relacionada amb la teva participaci\u00f3 i\/o sol\u00b7licitud d&#8217;informaci\u00f3 dels productes que venem.<\/li>\n<li>Enviar informaci\u00f3 promocional i\/o publicit\u00e0ria dels productes que\u00a0venem.<\/li>\n<li>Resoldre les teves consultes a trav\u00e9s dels formularis inclosos en el nostre lloc, per la qual cosa exclusivament contactarem amb tu a trav\u00e9s dels mitjans que ens hagis proporcionat.<\/li>\n<li>Gesti\u00f3 de la nostra relaci\u00f3 contractual, que inclou: tramitaci\u00f3 de la teva comanda, gesti\u00f3 de factures, cobraments, devolucions, seguiment i fidelitzaci\u00f3 com a client.<\/li>\n<li>Manteniment de llistes de no enviaments comercials en cas que ens hagis comunicat la no recepci\u00f3 d&#8217;informaci\u00f3 promocional\/publicit\u00e0ria per via electr\u00f2nica.<\/li>\n<li>Cancel\u00b7laci\u00f3 de dades en cas que hagis exercitat el teu dret a la cancel\u00b7laci\u00f3 de les teves dades. Aquestes dades es mantindran bloquejades per a altres usos personals exclusivament relacionats amb la nostra relaci\u00f3 contractual.<\/li>\n<\/ol>\n<h3>3. Manteniment de les teves dades<\/h3>\n<ol class=\"legtxt2\">\n<li>Durant el m\u00ednim temps legal possible.<\/li>\n<li>En el cas que no mantinguis cap relaci\u00f3 comercial \/ mercantil amb Catsacks, S.L.<\/li>\n<li>En cas de sol\u00b7licituds d&#8217;informaci\u00f3 o consulta mentre siguin necess\u00e0ries per a donar-te resposta.<\/li>\n<li>Per als subscriptors de newsletters, els 3 (tres) mesos de donar-se de baixa, s&#8217;esborraran les dades del correu.<\/li>\n<\/ol>\n<h3>4. Legitimaci\u00f3 per al tractament de les teves dades<\/h3>\n<p>Depenent del tipus de relaci\u00f3 comercial i \/ o de vinculaci\u00f3 amb nosaltres, la base legal per a tractament de les teves dades personals pot ser:<\/p>\n<ol class=\"legtxt2\">\n<li>El teu consentiment, donat en el moment de facilitar volunt\u00e0riament les teves dades en el nostre formulari i acceptar el tractament de les teves dades en la casella corresponent (Ex.: enviament de publicitat dels nostres productes).<\/li>\n<li>Tractar les teves dades sobre la base de la relaci\u00f3 contractual existent entre les parts a conseq\u00fc\u00e8ncia de la compra dels nostres productes<\/li>\n<li>Obligaci\u00f3 legal, inclosa en el Reglament Europeu de Protecci\u00f3 de Dades i la Llei de Serveis de la Societat de la Informaci\u00f3 i Comer\u00e7 Electr\u00f2nic LSSI (bloqueig de les teves dades i llistat de no enviaments comercials).<\/li>\n<\/ol>\n<h3>5. A qui comunicarem les teves dades?<\/h3>\n<ol class=\"legtxt2\">\n<li>Les dades dels formularis sobre consultes no es lliuraran a cap tercer.<\/li>\n<li>Quan Catsacks, S.L. faci un servei a trav\u00e9s d&#8217;una tercera empresa prove\u00efdora, les teves dades es comunicaran a aquesta empresa, amb estricta obligaci\u00f3 de confidencialitat i pr\u00e8via formalitzaci\u00f3 del corresponent contracte de prestaci\u00f3 de serveis entre el responsable del tractament (Catsacks, S.L.) i l&#8217;encarregat del tractament (empresa prove\u00efdora).<\/li>\n<li>Per als subscriptors de la newsletter no se cediran les dades, els tractar\u00e0 Catsacks, S.L.<\/li>\n<li>En cas de transfer\u00e8ncia de les teves dades a tercers pa\u00efsos, vetllem per garantir la m\u00e0xima privacitat i seguretat sobre les dades dels nostres clients.<\/li>\n<li>Catsacks, S.L. garanteix que en cap circumst\u00e0ncia ven, ofereix i\/o comercialitza les dades dels seus clients.<\/li>\n<\/ol>\n<h3>6. Quins s\u00f3n els teus drets sobre les dades que ens facilites?<\/h3>\n<ol class=\"legtxt2\">\n<li>Qualsevol persona si ho sol\u00b7licita t\u00e9 dret a obtenir informaci\u00f3 clara i comprensible sobre si Catsacks, S.L. est\u00e0 tractant les seves dades personals.<\/li>\n<li>Els interessats tenen dret a accedir a les seves dades de car\u00e0cter personal, aix\u00ed com sol\u00b7licitar la seva rectificaci\u00f3, cancel\u00b7laci\u00f3 o oposici\u00f3 quan, ja no siguin necessaris per a la finalitat que van ser lliurats aix\u00ed com a retirar el consentiment atorgat.<\/li>\n<li>L&#8217;exercici d&#8217;oposici\u00f3 al tractament de les teves dades per a l&#8217;enviament d&#8217;informaci\u00f3 publicit\u00e0ria per via electr\u00f2nica.<\/li>\n<li>L&#8217;exercici dels drets anteriorment indicats poden exercitar-se via correu postal, adjuntant c\u00f2pia del DNI o passaport, davant Catsacks, S.L. amb domicili C\/ Montecassino, 2 baixos \u2013 08006 Barcelona o per correu electr\u00f2nic, a l&#8217;adre\u00e7a\u00a0<a href=\"mailto:info@catsacks.eu\">info@catsacks.eu<\/a>, amb la mateixa documentaci\u00f3 adjunta que per correu postal.<\/li>\n<\/ol>\n<h3>7. Contacte<\/h3>\n<p>Per a qualsevol consulta sobre el tractament de les teves dades pots posar-te en contacte amb Catsacks, S.L. al correu electr\u00f2nic <a href=\"mailto:info@catsacks.eu\">info@catsacks.eu<\/a>.<br \/>\nAix\u00ed mateix, pots dirigir les teves reclamacions derivades dels tractament de les teves dades de car\u00e0cter personal a l&#8217;Ag\u00e8ncia Espanyola de Protecci\u00f3 de Dades.[\/vc_column_text][\/vc_column][\/vc_row]<\/p>\n<\/div>","protected":false},"excerpt":{"rendered":"<p>[vc_row][vc_column][vc_empty_space][vc_column_text] Principis b\u00e0sics Gr\u00e0cies pel teu inter\u00e8s en la nostra empresa i els seus productes. Ens prenem molt seriosament la protecci\u00f3 de les teves dades i ens agradaria que et sentissis a gust quan visitis el nostre lloc web o en utilitzar els nostres productes i continguts digitals. \u2028Protegir la teva privacitat \u00e9s molt important &hellip;<\/p>\n","protected":false},"author":1,"featured_media":0,"parent":0,"menu_order":0,"comment_status":"closed","ping_status":"open","template":"","meta":{"footnotes":""},"yoast_head":"<!-- This site is optimized with the Yoast SEO plugin v22.6 - https:\/\/yoast.com\/wordpress\/plugins\/seo\/ -->\n<title>Pol\u00edtica de privacitat - Catsacks Barcelona bosses de pell<\/title>\n<meta name=\"robots\" content=\"index, follow, max-snippet:-1, max-image-preview:large, max-video-preview:-1\" \/>\n<meta property=\"og:locale\" content=\"ca_ES\" \/>\n<meta property=\"og:type\" content=\"article\" \/>\n<meta property=\"og:title\" content=\"Pol\u00edtica de privacitat - Catsacks Barcelona bosses de pell\" \/>\n<meta property=\"og:description\" content=\"[vc_row][vc_column][vc_empty_space][vc_column_text] Principis b\u00e0sics Gr\u00e0cies pel teu inter\u00e8s en la nostra empresa i els seus productes. Ens prenem molt seriosament la protecci\u00f3 de les teves dades i ens agradaria que et sentissis a gust quan visitis el nostre lloc web o en utilitzar els nostres productes i continguts digitals. \u2028Protegir la teva privacitat \u00e9s molt important &hellip;\" \/>\n<meta property=\"og:url\" content=\"https:\/\/catsacksbarcelona.eu\/ca\/politica-de-privacitat\/\" \/>\n<meta property=\"og:site_name\" content=\"Catsacks Barcelona bosses de pell\" \/>\n<meta property=\"article:publisher\" content=\"https:\/\/www.facebook.com\/catsacksbarcelona\" \/>\n<meta property=\"article:modified_time\" content=\"2020-07-26T19:25:03+00:00\" \/>\n<meta name=\"twitter:card\" content=\"summary_large_image\" \/>\n<meta name=\"twitter:label1\" content=\"Temps estimat de lectura\" \/>\n\t<meta name=\"twitter:data1\" content=\"4 minuts\" \/>\n<script type=\"application\/ld+json\" class=\"yoast-schema-graph\">{\"@context\":\"https:\/\/schema.org\",\"@graph\":[{\"@type\":\"WebPage\",\"@id\":\"https:\/\/catsacksbarcelona.eu\/ca\/politica-de-privacitat\/\",\"url\":\"https:\/\/catsacksbarcelona.eu\/ca\/politica-de-privacitat\/\",\"name\":\"Pol\u00edtica de privacitat - Catsacks Barcelona bosses de pell\",\"isPartOf\":{\"@id\":\"http:\/\/catsacksbarcelona.eu\/ca\/#website\"},\"datePublished\":\"2020-07-25T08:23:27+00:00\",\"dateModified\":\"2020-07-26T19:25:03+00:00\",\"breadcrumb\":{\"@id\":\"https:\/\/catsacksbarcelona.eu\/ca\/politica-de-privacitat\/#breadcrumb\"},\"inLanguage\":\"ca\",\"potentialAction\":[{\"@type\":\"ReadAction\",\"target\":[\"https:\/\/catsacksbarcelona.eu\/ca\/politica-de-privacitat\/\"]}]},{\"@type\":\"BreadcrumbList\",\"@id\":\"https:\/\/catsacksbarcelona.eu\/ca\/politica-de-privacitat\/#breadcrumb\",\"itemListElement\":[{\"@type\":\"ListItem\",\"position\":1,\"name\":\"Portada\",\"item\":\"http:\/\/catsacksbarcelona.eu\/ca\/\"},{\"@type\":\"ListItem\",\"position\":2,\"name\":\"Pol\u00edtica de privacitat\"}]},{\"@type\":\"WebSite\",\"@id\":\"http:\/\/catsacksbarcelona.eu\/ca\/#website\",\"url\":\"http:\/\/catsacksbarcelona.eu\/ca\/\",\"name\":\"Catsacks Barcelona Bolsos de Piel\",\"description\":\"Bolsos piel de calidad dise&ntilde;ados y confeccionados en Barcelona\",\"publisher\":{\"@id\":\"http:\/\/catsacksbarcelona.eu\/ca\/#organization\"},\"potentialAction\":[{\"@type\":\"SearchAction\",\"target\":{\"@type\":\"EntryPoint\",\"urlTemplate\":\"http:\/\/catsacksbarcelona.eu\/ca\/?s={search_term_string}\"},\"query-input\":\"required name=search_term_string\"}],\"inLanguage\":\"ca\"},{\"@type\":\"Organization\",\"@id\":\"http:\/\/catsacksbarcelona.eu\/ca\/#organization\",\"name\":\"Catsacks Barcelona\",\"url\":\"http:\/\/catsacksbarcelona.eu\/ca\/\",\"logo\":{\"@type\":\"ImageObject\",\"inLanguage\":\"ca\",\"@id\":\"http:\/\/catsacksbarcelona.eu\/ca\/#\/schema\/logo\/image\/\",\"url\":\"http:\/\/catsacksbarcelona.eu\/wp-content\/uploads\/2020\/06\/logo-logo.png\",\"contentUrl\":\"http:\/\/catsacksbarcelona.eu\/wp-content\/uploads\/2020\/06\/logo-logo.png\",\"width\":1200,\"height\":309,\"caption\":\"Catsacks Barcelona\"},\"image\":{\"@id\":\"http:\/\/catsacksbarcelona.eu\/ca\/#\/schema\/logo\/image\/\"},\"sameAs\":[\"https:\/\/www.facebook.com\/catsacksbarcelona\",\"https:\/\/www.instagram.com\/catsacksbarcelona\"]}]}<\/script>\n<!-- \/ Yoast SEO plugin. -->","yoast_head_json":{"title":"Pol\u00edtica de privacitat - Catsacks Barcelona bosses de pell","robots":{"index":"index","follow":"follow","max-snippet":"max-snippet:-1","max-image-preview":"max-image-preview:large","max-video-preview":"max-video-preview:-1"},"og_locale":"ca_ES","og_type":"article","og_title":"Pol\u00edtica de privacitat - Catsacks Barcelona bosses de pell","og_description":"[vc_row][vc_column][vc_empty_space][vc_column_text] Principis b\u00e0sics Gr\u00e0cies pel teu inter\u00e8s en la nostra empresa i els seus productes. Ens prenem molt seriosament la protecci\u00f3 de les teves dades i ens agradaria que et sentissis a gust quan visitis el nostre lloc web o en utilitzar els nostres productes i continguts digitals. \u2028Protegir la teva privacitat \u00e9s molt important &hellip;","og_url":"https:\/\/catsacksbarcelona.eu\/ca\/politica-de-privacitat\/","og_site_name":"Catsacks Barcelona bosses de pell","article_publisher":"https:\/\/www.facebook.com\/catsacksbarcelona","article_modified_time":"2020-07-26T19:25:03+00:00","twitter_card":"summary_large_image","twitter_misc":{"Temps estimat de lectura":"4 minuts"},"schema":{"@context":"https:\/\/schema.org","@graph":[{"@type":"WebPage","@id":"https:\/\/catsacksbarcelona.eu\/ca\/politica-de-privacitat\/","url":"https:\/\/catsacksbarcelona.eu\/ca\/politica-de-privacitat\/","name":"Pol\u00edtica de privacitat - Catsacks Barcelona bosses de pell","isPartOf":{"@id":"http:\/\/catsacksbarcelona.eu\/ca\/#website"},"datePublished":"2020-07-25T08:23:27+00:00","dateModified":"2020-07-26T19:25:03+00:00","breadcrumb":{"@id":"https:\/\/catsacksbarcelona.eu\/ca\/politica-de-privacitat\/#breadcrumb"},"inLanguage":"ca","potentialAction":[{"@type":"ReadAction","target":["https:\/\/catsacksbarcelona.eu\/ca\/politica-de-privacitat\/"]}]},{"@type":"BreadcrumbList","@id":"https:\/\/catsacksbarcelona.eu\/ca\/politica-de-privacitat\/#breadcrumb","itemListElement":[{"@type":"ListItem","position":1,"name":"Portada","item":"http:\/\/catsacksbarcelona.eu\/ca\/"},{"@type":"ListItem","position":2,"name":"Pol\u00edtica de privacitat"}]},{"@type":"WebSite","@id":"http:\/\/catsacksbarcelona.eu\/ca\/#website","url":"http:\/\/catsacksbarcelona.eu\/ca\/","name":"Catsacks Barcelona Bolsos de Piel","description":"Bolsos piel de calidad dise&ntilde;ados y confeccionados en Barcelona","publisher":{"@id":"http:\/\/catsacksbarcelona.eu\/ca\/#organization"},"potentialAction":[{"@type":"SearchAction","target":{"@type":"EntryPoint","urlTemplate":"http:\/\/catsacksbarcelona.eu\/ca\/?s={search_term_string}"},"query-input":"required name=search_term_string"}],"inLanguage":"ca"},{"@type":"Organization","@id":"http:\/\/catsacksbarcelona.eu\/ca\/#organization","name":"Catsacks Barcelona","url":"http:\/\/catsacksbarcelona.eu\/ca\/","logo":{"@type":"ImageObject","inLanguage":"ca","@id":"http:\/\/catsacksbarcelona.eu\/ca\/#\/schema\/logo\/image\/","url":"http:\/\/catsacksbarcelona.eu\/wp-content\/uploads\/2020\/06\/logo-logo.png","contentUrl":"http:\/\/catsacksbarcelona.eu\/wp-content\/uploads\/2020\/06\/logo-logo.png","width":1200,"height":309,"caption":"Catsacks Barcelona"},"image":{"@id":"http:\/\/catsacksbarcelona.eu\/ca\/#\/schema\/logo\/image\/"},"sameAs":["https:\/\/www.facebook.com\/catsacksbarcelona","https:\/\/www.instagram.com\/catsacksbarcelona"]}]}},"_links":{"self":[{"href":"https:\/\/catsacksbarcelona.eu\/ca\/wp-json\/wp\/v2\/pages\/4229"}],"collection":[{"href":"https:\/\/catsacksbarcelona.eu\/ca\/wp-json\/wp\/v2\/pages"}],"about":[{"href":"https:\/\/catsacksbarcelona.eu\/ca\/wp-json\/wp\/v2\/types\/page"}],"author":[{"embeddable":true,"href":"https:\/\/catsacksbarcelona.eu\/ca\/wp-json\/wp\/v2\/users\/1"}],"replies":[{"embeddable":true,"href":"https:\/\/catsacksbarcelona.eu\/ca\/wp-json\/wp\/v2\/comments?post=4229"}],"version-history":[{"count":8,"href":"https:\/\/catsacksbarcelona.eu\/ca\/wp-json\/wp\/v2\/pages\/4229\/revisions"}],"predecessor-version":[{"id":4297,"href":"https:\/\/catsacksbarcelona.eu\/ca\/wp-json\/wp\/v2\/pages\/4229\/revisions\/4297"}],"wp:attachment":[{"href":"https:\/\/catsacksbarcelona.eu\/ca\/wp-json\/wp\/v2\/media?parent=4229"}],"curies":[{"name":"wp","href":"https:\/\/api.w.org\/{rel}","templated":true}]}}